{"id":20144,"date":"2025-12-07T10:25:06","date_gmt":"2025-12-07T09:25:06","guid":{"rendered":"https:\/\/olivemare.it\/en-kaddos-bong-fir-dtoskana\/"},"modified":"2025-12-07T10:27:53","modified_gmt":"2025-12-07T09:27:53","slug":"en-kaddos-bong-fir-dtoskana","status":"publish","type":"page","link":"https:\/\/olivemare.it\/lu\/en-kaddos-bong-fir-dtoskana\/","title":{"rendered":"En Kaddos-Bong fir d&#8217;Toskana"},"content":{"rendered":"\t\t<div data-elementor-type=\"wp-page\" data-elementor-id=\"20144\" class=\"elementor elementor-20144 elementor-20094\" data-elementor-post-type=\"page\">\n\t\t\t\t<div class=\"elementor-element elementor-element-1922230 e-con-full e-flex e-con e-parent\" data-id=\"1922230\" data-element_type=\"container\" data-e-type=\"container\">\n\t\t<div class=\"elementor-element elementor-element-b501c05 e-con-full e-flex e-con e-child\" data-id=\"b501c05\" data-element_type=\"container\" data-e-type=\"container\">\n\t\t\t\t<div class=\"elementor-element elementor-element-8bb86a4 elementor-widget elementor-widget-heading\" data-id=\"8bb86a4\" data-element_type=\"widget\" data-e-type=\"widget\" data-widget_type=\"heading.default\">\n\t\t\t\t<div class=\"elementor-widget-container\">\n\t\t\t\t\t<h1 class=\"elementor-heading-title elementor-size-default\">\ud83c\udf81 De Perfekte Kaddo: En Kaddos-Bong fir d'Toskana \ud83c\udf81\u200b<\/h1>\t\t\t\t<\/div>\n\t\t\t\t<\/div>\n\t\t\t\t<div class=\"elementor-element elementor-element-528a90d elementor-widget elementor-widget-text-editor\" data-id=\"528a90d\" data-element_type=\"widget\" data-e-type=\"widget\" data-widget_type=\"text-editor.default\">\n\t\t\t\t<div class=\"elementor-widget-container\">\n\t\t\t\t\t\t\t\t\t<p>Sicht Dir dee perfekte Kaddo? Schenkt e Kaddos-Bong fir en Openthalt an der Villa Olivemare B&amp;B! <br>Wielt, fir eng Emotioun ze schenken, net n\u00ebmmen en Objet. E Kaddos-Bong fir eng Vakanz ass dee sch\u00e9inste Wee, fir een deen Dir g\u00e4r hutt, fir eng flott roueg Plaaz, mat Konscht a Go\u00fbt am H\u00e4erz vun der Versilia zu Pietrasanta z&#8217;iwwerraschen. <\/p><p>Firwat sollt Dir eise Bong wielen?<\/p><ul><li>E flotte Kaddo: Schenkt eng relax Ausz\u00e4it vun der Routine.<\/li><li>Maximal Flexibilit\u00e9it: Den Empf\u00e4nger vum Bong kann selwer dee beschten Datum wielen fir ze reesen.<\/li><li>Garant\u00e9ierte W\u00e4ert: Schenkt en Openthalt an eisem rouegen Eck, n\u00ebt w\u00e9it ewech vun de Plagen an den Apuaneschen Alpen.<\/li><\/ul>\t\t\t\t\t\t\t\t<\/div>\n\t\t\t\t<\/div>\n\t\t\t\t<div class=\"elementor-element elementor-element-b9e5bf8 elementor-hidden-tablet elementor-hidden-mobile elementor-widget elementor-widget-text-editor\" data-id=\"b9e5bf8\" data-element_type=\"widget\" data-e-type=\"widget\" data-widget_type=\"text-editor.default\">\n\t\t\t\t<div class=\"elementor-widget-container\">\n\t\t\t\t\t\t\t\t\t<p>\u2193 Beispiel unseres Geschenkgutscheins zu sehen \u2193<\/p>\t\t\t\t\t\t\t\t<\/div>\n\t\t\t\t<\/div>\n\t\t<div class=\"elementor-element elementor-element-e5a6907 e-con-full e-flex e-con e-child\" data-id=\"e5a6907\" data-element_type=\"container\" data-e-type=\"container\" data-settings=\"{&quot;background_background&quot;:&quot;classic&quot;}\">\n\t\t\t\t<\/div>\n\t\t\t\t<div class=\"elementor-element elementor-element-c51c783 elementor-widget elementor-widget-text-editor\" data-id=\"c51c783\" data-element_type=\"widget\" data-e-type=\"widget\" data-widget_type=\"text-editor.default\">\n\t\t\t\t<div class=\"elementor-widget-container\">\n\t\t\t\t\t\t\t\t\t<p>\u27a1\ufe0f Kontakt\u00e9iert eis nach haut, fir \u00c4re personalis\u00e9ierte Bong ze kre\u00e9ieren!<\/p>\t\t\t\t\t\t\t\t<\/div>\n\t\t\t\t<\/div>\n\t\t\t\t<\/div>\n\t\t\t\t<\/div>\n\t\t\t\t<\/div>\n\t\t","protected":false},"excerpt":{"rendered":"<p>? De Perfekte Kaddo: En Kaddos-Bong fir d&#8217;Toskana ?\u200b Sicht Dir dee perfekte Kaddo? Schenkt e Kaddos-Bong fir en Openthalt an der Villa Olivemare B&amp;B! Wielt, fir eng Emotioun ze schenken, net n\u00ebmmen en Objet. E Kaddos-Bong fir eng Vakanz ass dee sch\u00e9inste Wee, fir een deen Dir g\u00e4r hutt, fir eng flott roueg Plaaz, [&hellip;]<\/p>\n","protected":false},"author":6,"featured_media":20143,"parent":0,"menu_order":0,"comment_status":"closed","ping_status":"closed","template":"","meta":{"slim_seo":{"title":"En Kaddos-Bong fir d'Toskana - Villa OliveMare","description":"? De Perfekte Kaddo: En Kaddos-Bong fir d'Toskana ?\u200b Sicht Dir dee perfekte Kaddo? Schenkt e Kaddos-Bong fir en Openthalt an der Villa Olivemare B&amp;B! Wielt,"},"footnotes":""},"class_list":["post-20144","page","type-page","status-publish","has-post-thumbnail","hentry"],"_links":{"self":[{"href":"https:\/\/olivemare.it\/lu\/wp-json\/wp\/v2\/pages\/20144","targetHints":{"allow":["GET"]}}],"collection":[{"href":"https:\/\/olivemare.it\/lu\/wp-json\/wp\/v2\/pages"}],"about":[{"href":"https:\/\/olivemare.it\/lu\/wp-json\/wp\/v2\/types\/page"}],"author":[{"embeddable":true,"href":"https:\/\/olivemare.it\/lu\/wp-json\/wp\/v2\/users\/6"}],"replies":[{"embeddable":true,"href":"https:\/\/olivemare.it\/lu\/wp-json\/wp\/v2\/comments?post=20144"}],"version-history":[{"count":4,"href":"https:\/\/olivemare.it\/lu\/wp-json\/wp\/v2\/pages\/20144\/revisions"}],"predecessor-version":[{"id":20168,"href":"https:\/\/olivemare.it\/lu\/wp-json\/wp\/v2\/pages\/20144\/revisions\/20168"}],"wp:featuredmedia":[{"embeddable":true,"href":"https:\/\/olivemare.it\/lu\/wp-json\/wp\/v2\/media\/20143"}],"wp:attachment":[{"href":"https:\/\/olivemare.it\/lu\/wp-json\/wp\/v2\/media?parent=20144"}],"curies":[{"name":"wp","href":"https:\/\/api.w.org\/{rel}","templated":true}]}}