{"id":17460,"date":"2019-09-17T11:28:45","date_gmt":"2019-09-17T09:28:45","guid":{"rendered":"https:\/\/olivemare.it\/dienstleistungen\/"},"modified":"2019-09-17T11:28:45","modified_gmt":"2019-09-17T10:28:45","slug":"dienstleistungen","status":"publish","type":"page","link":"https:\/\/olivemare.it\/lu\/dienstleistungen\/","title":{"rendered":"Ausstattung Villa Olivemare B&amp;B"},"content":{"rendered":"\t\t<div data-elementor-type=\"wp-page\" data-elementor-id=\"17460\" class=\"elementor elementor-17460 elementor-554\" data-elementor-post-type=\"page\">\n\t\t\t\t<div class=\"elementor-element elementor-element-b84e8a5 e-con-full e-flex e-con e-parent\" data-id=\"b84e8a5\" data-element_type=\"container\" data-e-type=\"container\" data-settings=\"{&quot;background_background&quot;:&quot;classic&quot;}\">\n\t\t\t\t<\/div>\n\t\t<div class=\"elementor-element elementor-element-33a1731 e-flex e-con-boxed e-con e-parent\" data-id=\"33a1731\" data-element_type=\"container\" data-e-type=\"container\">\n\t\t\t\t\t<div class=\"e-con-inner\">\n\t\t\t\t<div class=\"elementor-element elementor-element-b0c2bc7 elementor-widget elementor-widget-heading\" data-id=\"b0c2bc7\" data-element_type=\"widget\" data-e-type=\"widget\" data-widget_type=\"heading.default\">\n\t\t\t\t<div class=\"elementor-widget-container\">\n\t\t\t\t\t<h1 class=\"elementor-heading-title elementor-size-default\">Ausstattung<\/h1>\t\t\t\t<\/div>\n\t\t\t\t<\/div>\n\t\t\t\t\t<\/div>\n\t\t\t\t<\/div>\n\t\t<div class=\"elementor-element elementor-element-cd77551 e-con-full e-flex e-con e-parent\" data-id=\"cd77551\" data-element_type=\"container\" data-e-type=\"container\">\n\t\t<div class=\"elementor-element elementor-element-0d70314 e-con-full e-flex e-con e-child\" data-id=\"0d70314\" data-element_type=\"container\" data-e-type=\"container\">\n\t\t\t\t<div class=\"elementor-element elementor-element-3aa8bb0 elementor-widget elementor-widget-heading\" data-id=\"3aa8bb0\" data-element_type=\"widget\" data-e-type=\"widget\" data-widget_type=\"heading.default\">\n\t\t\t\t<div class=\"elementor-widget-container\">\n\t\t\t\t\t<h1 class=\"elementor-heading-title elementor-size-default\">Villa Olivemare BnB Ausstattung<\/h1>\t\t\t\t<\/div>\n\t\t\t\t<\/div>\n\t\t\t\t<div class=\"elementor-element elementor-element-7da85bd elementor-widget elementor-widget-text-editor\" data-id=\"7da85bd\" data-element_type=\"widget\" data-e-type=\"widget\" data-widget_type=\"text-editor.default\">\n\t\t\t\t<div class=\"elementor-widget-container\">\n\t\t\t\t\t\t\t\t\t<p>\u00dcbernachten Sie in unserer Fr\u00fchst\u00fcckspension in Pietrasanta, umgeben von Olivenb\u00e4umen mit herrlichem Meerblick. Genie\u00dfen Sie luxuri\u00f6se Zimmer, einen privaten Parkplatz und eine ruhige Lage in der N\u00e4he des historischen Zentrums und der Str\u00e4nde der Toskana. <\/p>\n<p>Das mehrsprachige Personal und die friedliche Atmosph\u00e4re machen es zu einem idealen Ort f\u00fcr Ihren n\u00e4chsten Urlaub. Buchen Sie jetzt f\u00fcr einen entspannten, unvergesslichen Aufenthalt! <\/p>\n\t\t\t\t\t\t\t\t<\/div>\n\t\t\t\t<\/div>\n\t\t\t\t<div class=\"elementor-element elementor-element-7c7ac38 elementor-widget elementor-widget-text-editor\" data-id=\"7c7ac38\" data-element_type=\"widget\" data-e-type=\"widget\" data-widget_type=\"text-editor.default\">\n\t\t\t\t<div class=\"elementor-widget-container\">\n\t\t\t\t\t\t\t\t\t<p>Entdecken Sie unser Ausstattung<\/p>\n\t\t\t\t\t\t\t\t<\/div>\n\t\t\t\t<\/div>\n\t\t<div class=\"elementor-element elementor-element-f6c69d8 e-con-full e-flex e-con e-child\" data-id=\"f6c69d8\" data-element_type=\"container\" data-e-type=\"container\">\n\t\t\t\t<div class=\"elementor-element elementor-element-1618e7d elementor-widget__width-initial elementor-widget elementor-widget-text-editor\" data-id=\"1618e7d\" data-element_type=\"widget\" data-e-type=\"widget\" data-widget_type=\"text-editor.default\">\n\t\t\t\t<div class=\"elementor-widget-container\">\n\t\t\t\t\t\t\t\t\t<p><strong>Gro\u00dfartig f\u00fcr Ihren Aufenthalt<\/strong><br>Au\u00dfergew\u00f6hnliches kontinentales Fr\u00fchst\u00fcck \u00e0 la carte<br>Kostenloses Parken vor Ort<br>Eigenes Bad<br>Klimaanlage<br>Kostenloses WiFi<br>Meer- und Gartenblick<br>Flachbildfernseher<br><span style=\"letter-spacing: 0.3px;\">Nur f\u00fcr Erwachsene (Kinder +14) &amp; Haustiere nicht erlaubt<\/span><br>Einige Zimmer mit Balkon&nbsp;<br>Nichtraucherzimmer<br>Begehbare Dusche<\/p>\n<p><strong>Eigenes Badezimmer<\/strong><br>Toilettenpapier<br>Handt\u00fccher<br>Bidet<br>Dusche<br>Toilette<br>Kostenlose Pflegeprodukte<br>Bademantel<br>Hausschuhe<br>Haartrockner<\/p>\n<p><strong>Schlafzimmer<\/strong><br>Bettw\u00e4sche<br>Kleiderschrank<br>Gep\u00e4ckaufbewahrung<br>Schreibtisch<br>Wasserkocher<br>Minibar<br>Kostenlose Tee- und Kaffeepads<\/p>\n<p><strong>Aussicht<\/strong><br>Meerblick <br>Gartenblick<\/p>\n<p><strong>Aussenbereich<\/strong><br>Gartenm\u00f6bel<br>Sonnenterrasse<br>Terrasse<br>Garten<\/p>\n<p><strong>Aktivit\u00e4ten<\/strong><br>Kostenloser Fahrradverleih<\/p>\t\t\t\t\t\t\t\t<\/div>\n\t\t\t\t<\/div>\n\t\t\t\t<div class=\"elementor-element elementor-element-de5ee35 elementor-widget__width-initial elementor-widget elementor-widget-text-editor\" data-id=\"de5ee35\" data-element_type=\"widget\" data-e-type=\"widget\" data-widget_type=\"text-editor.default\">\n\t\t\t\t<div class=\"elementor-widget-container\">\n\t\t\t\t\t\t\t\t\t<p><strong>Wohnbereich<br><\/strong>Sitzbereich<\/p>\n<p><strong>Medien &amp; Technik<\/strong><br>Flachbildfernseher<br>Kostenloses High Speed WIFI in allen Bereichen verf\u00fcgbar<\/p>\n<p><strong>Parken<\/strong><br>Private Parkpl\u00e4tze stehen kostenfrei vor Ort zur Verf\u00fcgng (Reservierung ist nicht erforderlich).<\/p>\n<p><strong>Dienstleistungen<\/strong><br>T\u00e4gliche Reinigung<br>Gemeinsamer Aufenthaltsbereich<br>Gep\u00e4ckaufbewahrung<br>Rechnungsaustellung<\/p>\n<p><strong>Sicherheit<\/strong><br>Feuerl\u00f6scher<\/p>\n<p><strong>Allgemein<\/strong><br>Nur f\u00fcr Erwachsene (Kinder +14) &amp; Haustiere nicht erlaubt<br>Klimaanlage<br>Elektrische Rolll\u00e4den<br>Moskitonetz<br>Hartholz- oder Parkettb\u00f6den<br>Heizung<br>Nichtraucherzimmer<br>Shuttle-Service zum\/vom Bahnhof Pietrasanta<\/p>\n<p><strong>Zug\u00e4nglichkeit<\/strong><br>Die gesamte Einheit befindet sich im Erdgeschoss<\/p>\n<p><strong>Wellness<\/strong><br>Sonnenliegen<\/p>\n<p><strong>Sprachen<\/strong><br>Deutsch<br>Englisch<br>Franz\u00f6sisch<br>Italienisch<br>Luxemburgisch<\/p>\t\t\t\t\t\t\t\t<\/div>\n\t\t\t\t<\/div>\n\t\t\t\t<\/div>\n\t\t\t\t<\/div>\n\t\t<div class=\"elementor-element elementor-element-63821de e-con-full e-flex e-con e-child\" data-id=\"63821de\" data-element_type=\"container\" data-e-type=\"container\">\n\t\t\t\t<div class=\"elementor-element elementor-element-9cbfb8c elementor-widget elementor-widget-heading\" data-id=\"9cbfb8c\" data-element_type=\"widget\" data-e-type=\"widget\" data-widget_type=\"heading.default\">\n\t\t\t\t<div class=\"elementor-widget-container\">\n\t\t\t\t\t<h2 class=\"elementor-heading-title elementor-size-default\">Zuk\u00fcnftige neue Annehmlichkeiten: Eiin Aussenpool erwartet Sie<\/h2>\t\t\t\t<\/div>\n\t\t\t\t<\/div>\n\t\t\t\t<div class=\"elementor-element elementor-element-aacbeca elementor-widget elementor-widget-text-editor\" data-id=\"aacbeca\" data-element_type=\"widget\" data-e-type=\"widget\" data-widget_type=\"text-editor.default\">\n\t\t\t\t<div class=\"elementor-widget-container\">\n\t\t\t\t\t\t\t\t\t<p>Wir freuen uns, Ihnen mitteilen zu k\u00f6nnen, dass wir dabei sind einen <b>Swimmingpool <\/b> zu bauen (Fertigstellung Q1 2025), der unseren G\u00e4sten eine erfrischende Abk\u00fchlung w\u00e4hrend ihres Aufenthalts bietet.<\/p>\n\t\t\t\t\t\t\t\t<\/div>\n\t\t\t\t<\/div>\n\t\t\t\t<\/div>\n\t\t<div class=\"elementor-element elementor-element-32b53a4 e-con-full e-flex e-con e-child\" data-id=\"32b53a4\" data-element_type=\"container\" data-e-type=\"container\">\n\t\t\t\t<div class=\"elementor-element elementor-element-0858b03 elementor-widget elementor-widget-heading\" data-id=\"0858b03\" data-element_type=\"widget\" data-e-type=\"widget\" data-widget_type=\"heading.default\">\n\t\t\t\t<div class=\"elementor-widget-container\">\n\t\t\t\t\t<h2 class=\"elementor-heading-title elementor-size-default\">**Buchen Sie Ihren Aufenthalt noch heute**<\/h2>\t\t\t\t<\/div>\n\t\t\t\t<\/div>\n\t\t\t\t<div class=\"elementor-element elementor-element-51e5d0d elementor-widget elementor-widget-text-editor\" data-id=\"51e5d0d\" data-element_type=\"widget\" data-e-type=\"widget\" data-widget_type=\"text-editor.default\">\n\t\t\t\t<div class=\"elementor-widget-container\">\n\t\t\t\t\t\t\t\t\t<p>Entfliehen Sie dem Alltag und tauchen Sie ein in das Herz der Toskana. Unser <a href=\"https:\/\/olivemare.it\/charming-bb-pietrasanta\/\">BnB in Pietrasanta<\/a> &nbsp; liegt nur wenige Minuten vom Stadtzentrum entfernt und bietet eine warme und komfortable Oase, in der jedes Detail f\u00fcr einen angenehmen Aufenthalt durchdacht ist.<\/p>\n\t\t\t\t\t\t\t\t<\/div>\n\t\t\t\t<\/div>\n\t\t\t\t<\/div>\n\t\t<div class=\"elementor-element elementor-element-cd33cd4 e-con-full e-flex e-con e-child\" data-id=\"cd33cd4\" data-element_type=\"container\" data-e-type=\"container\">\n\t\t<div class=\"elementor-element elementor-element-272e312 e-con-full e-flex e-con e-child\" data-id=\"272e312\" data-element_type=\"container\" data-e-type=\"container\">\n\t\t\t\t<div class=\"elementor-element elementor-element-1f8224a elementor-widget elementor-widget-heading\" data-id=\"1f8224a\" data-element_type=\"widget\" data-e-type=\"widget\" data-widget_type=\"heading.default\">\n\t\t\t\t<div class=\"elementor-widget-container\">\n\t\t\t\t\t<p class=\"elementor-heading-title elementor-size-default\"><a href=\"https:\/\/olivemare.it\/de\/unterkuenfte\/\">Unsere Zimmer<\/a><\/p>\t\t\t\t<\/div>\n\t\t\t\t<\/div>\n\t\t\t\t<\/div>\n\t\t<div class=\"elementor-element elementor-element-a7520ef e-con-full e-flex e-con e-child\" data-id=\"a7520ef\" data-element_type=\"container\" data-e-type=\"container\">\n\t\t\t\t<div class=\"elementor-element elementor-element-b97b99b elementor-widget elementor-widget-heading\" data-id=\"b97b99b\" data-element_type=\"widget\" data-e-type=\"widget\" data-widget_type=\"heading.default\">\n\t\t\t\t<div class=\"elementor-widget-container\">\n\t\t\t\t\t<p class=\"elementor-heading-title elementor-size-default\"><a href=\"https:\/\/olivemare.it\/de\/blog\/\">Besuchen Sie unseren Blog<\/a><\/p>\t\t\t\t<\/div>\n\t\t\t\t<\/div>\n\t\t\t\t<\/div>\n\t\t<div class=\"elementor-element elementor-element-53f8681 e-con-full e-flex e-con e-child\" data-id=\"53f8681\" data-element_type=\"container\" data-e-type=\"container\">\n\t\t\t\t<div class=\"elementor-element elementor-element-9931e85 elementor-widget elementor-widget-heading\" data-id=\"9931e85\" data-element_type=\"widget\" data-e-type=\"widget\" data-widget_type=\"heading.default\">\n\t\t\t\t<div class=\"elementor-widget-container\">\n\t\t\t\t\t<p class=\"elementor-heading-title elementor-size-default\"><a href=\"https:\/\/olivemare.it\/title-sep-sitename\/\">FAQ<\/a><\/p>\t\t\t\t<\/div>\n\t\t\t\t<\/div>\n\t\t\t\t<\/div>\n\t\t\t\t<\/div>\n\t\t<div class=\"elementor-element elementor-element-5e38561 e-con-full e-flex e-con e-child\" data-id=\"5e38561\" data-element_type=\"container\" data-e-type=\"container\">\n\t\t<div class=\"elementor-element elementor-element-51f41ce e-con-full e-flex e-con e-child\" data-id=\"51f41ce\" data-element_type=\"container\" data-e-type=\"container\">\n\t\t\t\t<div class=\"elementor-element elementor-element-dd8d4ef elementor-widget elementor-widget-heading\" data-id=\"dd8d4ef\" data-element_type=\"widget\" data-e-type=\"widget\" data-widget_type=\"heading.default\">\n\t\t\t\t<div class=\"elementor-widget-container\">\n\t\t\t\t\t<p class=\"elementor-heading-title elementor-size-default\"><a href=\"https:\/\/www.instagram.com\/villaolivemare\/?igsh=eHJ5bnpoZ2NqN2o5\" target=\"_blank\">Instagram<\/a><\/p>\t\t\t\t<\/div>\n\t\t\t\t<\/div>\n\t\t\t\t<\/div>\n\t\t\t\t<\/div>\n\t\t\t\t<\/div>\n\t\t\t\t<\/div>\n\t\t","protected":false},"excerpt":{"rendered":"<p>Toskana BnB Gartenblick <\/p>\n","protected":false},"author":6,"featured_media":15087,"parent":0,"menu_order":0,"comment_status":"closed","ping_status":"closed","template":"","meta":{"slim_seo":{"title":"Ausstattung Villa Olivemare B&amp;B - Villa OliveMare","description":"Toskana BnB Gartenblick"},"footnotes":""},"class_list":["post-17460","page","type-page","status-publish","has-post-thumbnail","hentry"],"_links":{"self":[{"href":"https:\/\/olivemare.it\/lu\/wp-json\/wp\/v2\/pages\/17460","targetHints":{"allow":["GET"]}}],"collection":[{"href":"https:\/\/olivemare.it\/lu\/wp-json\/wp\/v2\/pages"}],"about":[{"href":"https:\/\/olivemare.it\/lu\/wp-json\/wp\/v2\/types\/page"}],"author":[{"embeddable":true,"href":"https:\/\/olivemare.it\/lu\/wp-json\/wp\/v2\/users\/6"}],"replies":[{"embeddable":true,"href":"https:\/\/olivemare.it\/lu\/wp-json\/wp\/v2\/comments?post=17460"}],"version-history":[{"count":0,"href":"https:\/\/olivemare.it\/lu\/wp-json\/wp\/v2\/pages\/17460\/revisions"}],"wp:featuredmedia":[{"embeddable":true,"href":"https:\/\/olivemare.it\/lu\/wp-json\/wp\/v2\/media\/15087"}],"wp:attachment":[{"href":"https:\/\/olivemare.it\/lu\/wp-json\/wp\/v2\/media?parent=17460"}],"curies":[{"name":"wp","href":"https:\/\/api.w.org\/{rel}","templated":true}]}}