{"id":17510,"date":"2019-08-20T11:29:12","date_gmt":"2019-08-20T10:29:12","guid":{"rendered":"https:\/\/olivemare.it\/?page_id=17510"},"modified":"2026-01-16T17:34:14","modified_gmt":"2026-01-16T16:34:14","slug":"chi-siamo","status":"publish","type":"page","link":"https:\/\/olivemare.it\/it\/chi-siamo\/","title":{"rendered":"Chi siamo"},"content":{"rendered":"\t\t<div data-elementor-type=\"wp-page\" data-elementor-id=\"17510\" class=\"elementor elementor-17510 elementor-238\" data-elementor-post-type=\"page\">\n\t\t\t\t<div class=\"elementor-element elementor-element-41771a6 e-con-full e-flex e-con e-parent\" data-id=\"41771a6\" data-element_type=\"container\" data-e-type=\"container\">\n\t\t<div class=\"elementor-element elementor-element-db32ccb e-con-full e-flex e-con e-child\" data-id=\"db32ccb\" data-element_type=\"container\" data-e-type=\"container\">\n\t\t\t\t<div class=\"elementor-element elementor-element-8471a3a elementor-widget elementor-widget-html\" data-id=\"8471a3a\" data-element_type=\"widget\" data-e-type=\"widget\" data-widget_type=\"html.default\">\n\t\t\t\t<div class=\"elementor-widget-container\">\n\t\t\t\t\t    <link rel=\"alternate\" hreflang=\"en\" href=\"https:\/\/olivemare.it\/\">  \n    <link rel=\"alternate\" hreflang=\"it\" href=\"https:\/\/olivemare.it\/it\/\">  \n    <link rel=\"alternate\" hreflang=\"de\" href=\"https:\/\/olivemare.it\/de\/\">  \n    <link rel=\"alternate\" hreflang=\"fr\" href=\"https:\/\/olivemare.it\/fr\/\">\n\t\t\t\t<\/div>\n\t\t\t\t<\/div>\n\t\t\t\t<div class=\"elementor-element elementor-element-9738ae1 elementor-widget elementor-widget-heading\" data-id=\"9738ae1\" data-element_type=\"widget\" data-e-type=\"widget\" data-widget_type=\"heading.default\">\n\t\t\t\t<div class=\"elementor-widget-container\">\n\t\t\t\t\t<h1 class=\"elementor-heading-title elementor-size-default\">Incontra i tuoi ospiti:<br>Cathy &amp; Marco<\/h1>\t\t\t\t<\/div>\n\t\t\t\t<\/div>\n\t\t\t\t<div class=\"elementor-element elementor-element-26e38ed elementor-widget elementor-widget-text-editor\" data-id=\"26e38ed\" data-element_type=\"widget\" data-e-type=\"widget\" data-widget_type=\"text-editor.default\">\n\t\t\t\t<div class=\"elementor-widget-container\">\n\t\t\t\t\t\t\t\t\t<p>Alla fine del 2019, la vita di Cathy e Marco ha preso una svolta entusiasmante. Dopo oltre 50 anni trascorsi in Lussemburgo, hanno deciso di intraprendere una nuova avventura: aprire un <a href=\"https:\/\/olivemare.it\/it\/\">Bed and Breakfast in Toscana,<\/a> in Italia.<br>Inizialmente, i loro percorsi professionali non erano orientati verso l&#8217;ospitalit\u00e0: Marco, un appassionato di informatica, e Cathy, con un sogno d&#8217;infanzia di costruire un hotel che ha poi preso una piega professionale diversa, ma insieme hanno deciso di perseguire questo progetto appassionante.<br>Ma purtroppo la crisi del Covid ha fermato il progetto per molto tempo\u2026 ma ora, qualche anno dopo, sono felici di dire che nel 2024 il loro Bed &amp; Breakfast \u201cVilla Olivemare B&amp;B\u201d a Pietrasanta ha finalmente aperto le sue porte.  <\/p>\t\t\t\t\t\t\t\t<\/div>\n\t\t\t\t<\/div>\n\t\t\t\t<\/div>\n\t\t<div class=\"elementor-element elementor-element-d3e6be0 e-con-full e-flex e-con e-child\" data-id=\"d3e6be0\" data-element_type=\"container\" data-e-type=\"container\">\n\t\t\t\t<div class=\"elementor-element elementor-element-a407716 elementor-widget elementor-widget-heading\" data-id=\"a407716\" data-element_type=\"widget\" data-e-type=\"widget\" data-widget_type=\"heading.default\">\n\t\t\t\t<div class=\"elementor-widget-container\">\n\t\t\t\t\t<h2 class=\"elementor-heading-title elementor-size-default\">Perch\u00e9 la Toscana? Perch\u00e9 Pietrasanta? Perch\u00e9 questa villa?    <\/h2>\t\t\t\t<\/div>\n\t\t\t\t<\/div>\n\t\t\t\t<div class=\"elementor-element elementor-element-98a119d elementor-widget elementor-widget-text-editor\" data-id=\"98a119d\" data-element_type=\"widget\" data-e-type=\"widget\" data-widget_type=\"text-editor.default\">\n\t\t\t\t<div class=\"elementor-widget-container\">\n\t\t\t\t\t\t\t\t\t<p><span style=\"font-weight: 400;\">Per Marco, italiano, e Cathy, affascinata dalla bellezza dell&#8217;Italia, la Toscana \u00e8 stata una scelta naturale per i suoi paesaggi mozzafiato, le sue bellissime coste, la sua ricca cultura e, naturalmente, il cibo delizioso.&nbsp;&nbsp;<\/span><\/p>\n<p><a href=\"https:\/\/olivemare.it\/it\/la-tua-porta-daccesso-al-meglio-della-toscana-dalle-spiagge-alle-citta-storiche\/\"><span style=\"font-weight: 400;\"> Un rifugio toscano artistico e tranquillo&nbsp;<\/span><\/a><\/p>\n<p><span style=\"font-weight: 400;\">In Toscana, Pietrasanta \u00e8 stata la loro scelta. Situata nel cuore della Versilia, vicino a Lucca, Pietrasanta \u00e8 un&#8217;incantevole citt\u00e0 d&#8217;arte di origine medievale. \u00c8 un centro di interesse internazionale per l&#8217;arte e la scultura in marmo e bronzo. Con i suoi ristoranti, gallerie d&#8217;arte, attrazioni locali, inverni miti e la vicinanza sia del Mar Tirreno che delle Alpi Apuane, \u00e8 la location perfetta.   &nbsp;&nbsp;<\/span><\/p>\n<p><span style=\"font-size: 1rem; letter-spacing: 0.3px;\">Qui si sono innamorati di una villa contemporanea situata su una collina, circondata da ulivi, con una splendida vista sul mare e a soli 500 metri dal centro storico di Pietrasanta. La Villa \u00e8 stata completamente ristrutturata e decorata con ogni dettaglio che riflette le personalit\u00e0 di Cathy e Marco. <\/span><span style=\"font-size: 1rem; letter-spacing: 0.3px;\">\u00c8 la loro casa, un luogo che condividono con gli ospiti che cercano un soggiorno caldo e autentico.<\/span><\/p>\n<p><\/p>\t\t\t\t\t\t\t\t<\/div>\n\t\t\t\t<\/div>\n\t\t\t\t<\/div>\n\t\t<div class=\"elementor-element elementor-element-cc6a529 e-con-full e-flex e-con e-child\" data-id=\"cc6a529\" data-element_type=\"container\" data-e-type=\"container\">\n\t\t\t\t<div class=\"elementor-element elementor-element-14d94a5 elementor-widget elementor-widget-heading\" data-id=\"14d94a5\" data-element_type=\"widget\" data-e-type=\"widget\" data-widget_type=\"heading.default\">\n\t\t\t\t<div class=\"elementor-widget-container\">\n\t\t\t\t\t<h2 class=\"elementor-heading-title elementor-size-default\">La tua destinazione in Toscana: Un rifugio di lusso <\/h2>\t\t\t\t<\/div>\n\t\t\t\t<\/div>\n\t\t\t\t<div class=\"elementor-element elementor-element-6dfb3f6 elementor-widget elementor-widget-text-editor\" data-id=\"6dfb3f6\" data-element_type=\"widget\" data-e-type=\"widget\" data-widget_type=\"text-editor.default\">\n\t\t\t\t<div class=\"elementor-widget-container\">\n\t\t\t\t\t\t\t\t\t<p><span style=\"font-weight: 400;\">Villa Olivemare B&amp;B \u00e8 una villa recentemente ristrutturata che offre un luogo tranquillo circondato da uliveti e una vista panoramica sul mare. \u00c8 una scelta perfetta per chi cerca la tranquillit\u00e0.   <\/span><\/p><p><span style=\"font-weight: 400;\">  <\/span><span style=\"font-size: 1rem; letter-spacing: 0.3px;\">Il B&amp;B si trova a soli 500 metri da Piazza Duomo di Pietrasanta, dove troverete ristoranti, gallerie d&#8217;arte e attrazioni locali. <\/span><\/p><p><span style=\"font-size: 1rem; letter-spacing: 0.3px;\">\u00c8 anche la base ideale per esplorare i luoghi vicini come Firenze, Lucca, Siena, Pisa, Viareggio, Forte dei Marmi, le cave di marmo di Carrara, Bolgheri, le Cinque Terre e molte altre citt\u00e0 incantevoli, nonch\u00e9 le bellissime spiagge del Mar Tirreno e delle Alpi Apuane.<\/span><\/p>\t\t\t\t\t\t\t\t<\/div>\n\t\t\t\t<\/div>\n\t\t\t\t<\/div>\n\t\t<div class=\"elementor-element elementor-element-55360ad e-con-full e-flex e-con e-child\" data-id=\"55360ad\" data-element_type=\"container\" data-e-type=\"container\">\n\t\t\t\t<div class=\"elementor-element elementor-element-5f8a512 elementor-widget elementor-widget-heading\" data-id=\"5f8a512\" data-element_type=\"widget\" data-e-type=\"widget\" data-widget_type=\"heading.default\">\n\t\t\t\t<div class=\"elementor-widget-container\">\n\t\t\t\t\t<h2 class=\"elementor-heading-title elementor-size-default\">Esperienza di Villa Olivemare B&amp;B  <\/h2>\t\t\t\t<\/div>\n\t\t\t\t<\/div>\n\t\t\t\t<div class=\"elementor-element elementor-element-eb9e23c elementor-widget elementor-widget-text-editor\" data-id=\"eb9e23c\" data-element_type=\"widget\" data-e-type=\"widget\" data-widget_type=\"text-editor.default\">\n\t\t\t\t<div class=\"elementor-widget-container\">\n\t\t\t\t\t\t\t\t\t<p><span style=\"font-weight: 400;\">Villa Olivemare B&amp;B offre tutto il necessario per una vacanza perfetta, tra cui parcheggio privato, noleggio biciclette gratuito, piscina all&#8217;aperto, personale multilingue, lussuose camere con bagno privato, eleganti arredi contemporanei e materiali di alta qualit\u00e0. Ogni dettaglio \u00e8 stato curato per garantire comfort e relax. &nbsp;<br><\/span><\/p>\t\t\t\t\t\t\t\t<\/div>\n\t\t\t\t<\/div>\n\t\t\t\t<\/div>\n\t\t<div class=\"elementor-element elementor-element-1210717 e-con-full e-flex e-con e-child\" data-id=\"1210717\" data-element_type=\"container\" data-e-type=\"container\">\n\t\t\t\t<div class=\"elementor-element elementor-element-85c83ca elementor-widget elementor-widget-heading\" data-id=\"85c83ca\" data-element_type=\"widget\" data-e-type=\"widget\" data-widget_type=\"heading.default\">\n\t\t\t\t<div class=\"elementor-widget-container\">\n\t\t\t\t\t<h2 class=\"elementor-heading-title elementor-size-default\">Pi\u00f9 di un semplice posto dove stare  <\/h2>\t\t\t\t<\/div>\n\t\t\t\t<\/div>\n\t\t\t\t<div class=\"elementor-element elementor-element-f34cfac elementor-widget elementor-widget-text-editor\" data-id=\"f34cfac\" data-element_type=\"widget\" data-e-type=\"widget\" data-widget_type=\"text-editor.default\">\n\t\t\t\t<div class=\"elementor-widget-container\">\n\t\t\t\t\t\t\t\t\t<p><span style=\"font-weight: 400;\">Al B&amp;B Villa Olivemare, Cathy e Marco accolgono calorosamente ogni ospite, assicurando un soggiorno personalizzato e indimenticabile. La loro passione per l&#8217;ospitalit\u00e0 e la loro profonda conoscenza del territorio garantiscono che ogni ospite si senta come a casa propria.   <\/span><\/p>\t\t\t\t\t\t\t\t<\/div>\n\t\t\t\t<\/div>\n\t\t\t\t<\/div>\n\t\t<div class=\"elementor-element elementor-element-7f32bb0 e-con-full e-flex e-con e-child\" data-id=\"7f32bb0\" data-element_type=\"container\" data-e-type=\"container\">\n\t\t\t\t<div class=\"elementor-element elementor-element-f844628 elementor-widget elementor-widget-heading\" data-id=\"f844628\" data-element_type=\"widget\" data-e-type=\"widget\" data-widget_type=\"heading.default\">\n\t\t\t\t<div class=\"elementor-widget-container\">\n\t\t\t\t\t<h2 class=\"elementor-heading-title elementor-size-default\">Lasciati tentare dalle delizie culinarie  <\/h2>\t\t\t\t<\/div>\n\t\t\t\t<\/div>\n\t\t\t\t<div class=\"elementor-element elementor-element-6edbf7d elementor-widget elementor-widget-text-editor\" data-id=\"6edbf7d\" data-element_type=\"widget\" data-e-type=\"widget\" data-widget_type=\"text-editor.default\">\n\t\t\t\t<div class=\"elementor-widget-container\">\n\t\t\t\t\t\t\t\t\t<p><span style=\"font-weight: 400;\">Ogni mattina Cathy e Marco preparano un&#8217;eccezionale colazione continentale \u00e0 la carte, da gustare sulla terrazza vicino alla piscina, circondati da uliveti e vista mare. <\/span><\/p>\t\t\t\t\t\t\t\t<\/div>\n\t\t\t\t<\/div>\n\t\t\t\t<\/div>\n\t\t<div class=\"elementor-element elementor-element-7bcc0f0 e-con-full e-flex e-con e-child\" data-id=\"7bcc0f0\" data-element_type=\"container\" data-e-type=\"container\">\n\t\t\t\t<div class=\"elementor-element elementor-element-a70ec5a elementor-widget elementor-widget-heading\" data-id=\"a70ec5a\" data-element_type=\"widget\" data-e-type=\"widget\" data-widget_type=\"heading.default\">\n\t\t\t\t<div class=\"elementor-widget-container\">\n\t\t\t\t\t<h2 class=\"elementor-heading-title elementor-size-default\">Lascia che ti accolgano nella tua lingua  <\/h2>\t\t\t\t<\/div>\n\t\t\t\t<\/div>\n\t\t\t\t<div class=\"elementor-element elementor-element-6847436 elementor-widget elementor-widget-text-editor\" data-id=\"6847436\" data-element_type=\"widget\" data-e-type=\"widget\" data-widget_type=\"text-editor.default\">\n\t\t\t\t<div class=\"elementor-widget-container\">\n\t\t\t\t\t\t\t\t\t<p><span style=\"font-weight: 400;\">Entrambi, Marco e Cathy, accolgono i loro ospiti in italiano, lussemburghese, tedesco, francese o inglese.  <\/span><\/p>\t\t\t\t\t\t\t\t<\/div>\n\t\t\t\t<\/div>\n\t\t\t\t<\/div>\n\t\t<div class=\"elementor-element elementor-element-a74029d e-con-full e-flex e-con e-child\" data-id=\"a74029d\" data-element_type=\"container\" data-e-type=\"container\">\n\t\t\t\t<div class=\"elementor-element elementor-element-81f573b elementor-widget elementor-widget-heading\" data-id=\"81f573b\" data-element_type=\"widget\" data-e-type=\"widget\" data-widget_type=\"heading.default\">\n\t\t\t\t<div class=\"elementor-widget-container\">\n\t\t\t\t\t<h2 class=\"elementor-heading-title elementor-size-default\">Piscina all'aperto <\/h2>\t\t\t\t<\/div>\n\t\t\t\t<\/div>\n\t\t\t\t<div class=\"elementor-element elementor-element-64e7bc8 elementor-widget elementor-widget-text-editor\" data-id=\"64e7bc8\" data-element_type=\"widget\" data-e-type=\"widget\" data-widget_type=\"text-editor.default\">\n\t\t\t\t<div class=\"elementor-widget-container\">\n\t\t\t\t\t\t\t\t\t<p><span style=\"font-weight: 400;\">Dal primo trimestre del 2025, presso Villa Olivemare B&amp;B \u00e8 disponibile una piscina all&#8217;aperto. <\/span><\/p>\t\t\t\t\t\t\t\t<\/div>\n\t\t\t\t<\/div>\n\t\t\t\t<\/div>\n\t\t<div class=\"elementor-element elementor-element-64eb94f e-con-full e-flex e-con e-child\" data-id=\"64eb94f\" data-element_type=\"container\" data-e-type=\"container\">\n\t\t\t\t<div class=\"elementor-element elementor-element-ff8b2ae elementor-widget elementor-widget-heading\" data-id=\"ff8b2ae\" data-element_type=\"widget\" data-e-type=\"widget\" data-widget_type=\"heading.default\">\n\t\t\t\t<div class=\"elementor-widget-container\">\n\t\t\t\t\t<h2 class=\"elementor-heading-title elementor-size-default\">Ti aspettano ricordi indimenticabili  <\/h2>\t\t\t\t<\/div>\n\t\t\t\t<\/div>\n\t\t\t\t<div class=\"elementor-element elementor-element-d6e6289 elementor-widget elementor-widget-text-editor\" data-id=\"d6e6289\" data-element_type=\"widget\" data-e-type=\"widget\" data-widget_type=\"text-editor.default\">\n\t\t\t\t<div class=\"elementor-widget-container\">\n\t\t\t\t\t\t\t\t\t<p><span style=\"font-weight: 400;\">Il B&amp;B Villa Olivemare ha raggiunto una valutazione di 9,9\/10 su Booking.com e 5 stelle su Google, per la prima stagione 2024.  <\/span><\/p><p><span style=\"font-weight: 400;\"><a href=\"https:\/\/olivemare.it\/romantic-getaways-pietrasanta-accomodation\/\">Prenota<\/a> oggi stesso il tuo soggiorno a Villa Olivemare B&amp;B!  <\/span><\/p>\t\t\t\t\t\t\t\t<\/div>\n\t\t\t\t<\/div>\n\t\t\t\t<\/div>\n\t\t\t\t<\/div>\n\t\t\t\t<\/div>\n\t\t","protected":false},"excerpt":{"rendered":"<p>Rilassatevi in Toscana: Il vostro soggiorno di relax in un bed and breakfast.<\/p>\n","protected":false},"author":6,"featured_media":10469,"parent":0,"menu_order":0,"comment_status":"closed","ping_status":"closed","template":"","meta":{"footnotes":""},"class_list":["post-17510","page","type-page","status-publish","has-post-thumbnail","hentry"],"_links":{"self":[{"href":"https:\/\/olivemare.it\/it\/wp-json\/wp\/v2\/pages\/17510","targetHints":{"allow":["GET"]}}],"collection":[{"href":"https:\/\/olivemare.it\/it\/wp-json\/wp\/v2\/pages"}],"about":[{"href":"https:\/\/olivemare.it\/it\/wp-json\/wp\/v2\/types\/page"}],"author":[{"embeddable":true,"href":"https:\/\/olivemare.it\/it\/wp-json\/wp\/v2\/users\/6"}],"replies":[{"embeddable":true,"href":"https:\/\/olivemare.it\/it\/wp-json\/wp\/v2\/comments?post=17510"}],"version-history":[{"count":3,"href":"https:\/\/olivemare.it\/it\/wp-json\/wp\/v2\/pages\/17510\/revisions"}],"predecessor-version":[{"id":20791,"href":"https:\/\/olivemare.it\/it\/wp-json\/wp\/v2\/pages\/17510\/revisions\/20791"}],"wp:featuredmedia":[{"embeddable":true,"href":"https:\/\/olivemare.it\/it\/wp-json\/wp\/v2\/media\/10469"}],"wp:attachment":[{"href":"https:\/\/olivemare.it\/it\/wp-json\/wp\/v2\/media?parent=17510"}],"curies":[{"name":"wp","href":"https:\/\/api.w.org\/{rel}","templated":true}]}}