{"id":7779,"date":"2019-09-17T11:28:45","date_gmt":"2019-09-17T09:28:45","guid":{"rendered":"https:\/\/olivemare.it\/amenagements\/"},"modified":"2026-04-20T09:17:54","modified_gmt":"2026-04-20T07:17:54","slug":"amenagements","status":"publish","type":"page","link":"https:\/\/olivemare.it\/fr\/amenagements\/","title":{"rendered":"services Villa Olivemare B&amp;B"},"content":{"rendered":"\t\t<div data-elementor-type=\"wp-page\" data-elementor-id=\"7779\" class=\"elementor elementor-7779 elementor-554\" data-elementor-post-type=\"page\">\n\t\t\t\t<div class=\"elementor-element elementor-element-b84e8a5 e-con-full e-flex e-con e-parent\" data-id=\"b84e8a5\" data-element_type=\"container\" data-e-type=\"container\" data-settings=\"{&quot;background_background&quot;:&quot;classic&quot;}\">\n\t\t\t\t<\/div>\n\t\t<div class=\"elementor-element elementor-element-33a1731 e-flex e-con-boxed e-con e-parent\" data-id=\"33a1731\" data-element_type=\"container\" data-e-type=\"container\">\n\t\t\t\t\t<div class=\"e-con-inner\">\n\t\t\t\t<div class=\"elementor-element elementor-element-b0c2bc7 elementor-widget elementor-widget-heading\" data-id=\"b0c2bc7\" data-element_type=\"widget\" data-e-type=\"widget\" data-widget_type=\"heading.default\">\n\t\t\t\t<div class=\"elementor-widget-container\">\n\t\t\t\t\t<h1 class=\"elementor-heading-title elementor-size-default\">services<\/h1>\t\t\t\t<\/div>\n\t\t\t\t<\/div>\n\t\t\t\t\t<\/div>\n\t\t\t\t<\/div>\n\t\t<div class=\"elementor-element elementor-element-cd77551 e-con-full e-flex e-con e-parent\" data-id=\"cd77551\" data-element_type=\"container\" data-e-type=\"container\">\n\t\t<div class=\"elementor-element elementor-element-2f0e72e e-con-full e-flex e-con e-child\" data-id=\"2f0e72e\" data-element_type=\"container\" data-e-type=\"container\">\n\t\t<div class=\"elementor-element elementor-element-08d5550 e-flex e-con-boxed e-con e-child\" data-id=\"08d5550\" data-element_type=\"container\" data-e-type=\"container\">\n\t\t\t\t\t<div class=\"e-con-inner\">\n\t\t<div class=\"elementor-element elementor-element-19a3057 e-con-full e-flex e-con e-child\" data-id=\"19a3057\" data-element_type=\"container\" data-e-type=\"container\">\n\t\t\t\t<div class=\"elementor-element elementor-element-f8ce739 elementor-widget__width-inherit elementor-view-default elementor-position-block-start elementor-mobile-position-block-start elementor-widget elementor-widget-icon-box\" data-id=\"f8ce739\" data-element_type=\"widget\" data-e-type=\"widget\" data-widget_type=\"icon-box.default\">\n\t\t\t\t<div class=\"elementor-widget-container\">\n\t\t\t\t\t\t\t<div class=\"elementor-icon-box-wrapper\">\n\n\t\t\t\t\t\t<div class=\"elementor-icon-box-icon\">\n\t\t\t\t<span  class=\"elementor-icon\">\n\t\t\t\t<svg aria-hidden=\"true\" class=\"e-font-icon-svg e-fas-swimming-pool\" viewBox=\"0 0 640 512\" xmlns=\"http:\/\/www.w3.org\/2000\/svg\"><path d=\"M624 416h-16c-26.04 0-45.8-8.42-56.09-17.9-8.9-8.21-19.66-14.1-31.77-14.1h-16.3c-12.11 0-22.87 5.89-31.77 14.1C461.8 407.58 442.04 416 416 416s-45.8-8.42-56.09-17.9c-8.9-8.21-19.66-14.1-31.77-14.1h-16.3c-12.11 0-22.87 5.89-31.77 14.1C269.8 407.58 250.04 416 224 416s-45.8-8.42-56.09-17.9c-8.9-8.21-19.66-14.1-31.77-14.1h-16.3c-12.11 0-22.87 5.89-31.77 14.1C77.8 407.58 58.04 416 32 416H16c-8.84 0-16 7.16-16 16v32c0 8.84 7.16 16 16 16h16c38.62 0 72.72-12.19 96-31.84 23.28 19.66 57.38 31.84 96 31.84s72.72-12.19 96-31.84c23.28 19.66 57.38 31.84 96 31.84s72.72-12.19 96-31.84c23.28 19.66 57.38 31.84 96 31.84h16c8.84 0 16-7.16 16-16v-32c0-8.84-7.16-16-16-16zm-400-32v-96h192v96c19.12 0 30.86-6.16 34.39-9.42 9.17-8.46 19.2-14.34 29.61-18.07V128c0-17.64 14.36-32 32-32s32 14.36 32 32v16c0 8.84 7.16 16 16 16h32c8.84 0 16-7.16 16-16v-16c0-52.94-43.06-96-96-96s-96 43.06-96 96v96H224v-96c0-17.64 14.36-32 32-32s32 14.36 32 32v16c0 8.84 7.16 16 16 16h32c8.84 0 16-7.16 16-16v-16c0-52.94-43.06-96-96-96s-96 43.06-96 96v228.5c10.41 3.73 20.44 9.62 29.61 18.07 3.53 3.27 15.27 9.43 34.39 9.43z\"><\/path><\/svg>\t\t\t\t<\/span>\n\t\t\t<\/div>\n\t\t\t\n\t\t\t\t\t\t<div class=\"elementor-icon-box-content\">\n\n\t\t\t\t\t\t\t\t\t<h3 class=\"elementor-icon-box-title\">\n\t\t\t\t\t\t<span  >\n\t\t\t\t\t\t\tPLAGES\t\t\t\t\t\t<\/span>\n\t\t\t\t\t<\/h3>\n\t\t\t\t\n\t\t\t\t\t\t\t\t\t<p class=\"elementor-icon-box-description\">\n\t\t\t\t\t\tUne oasis \u00e9tincelante vous attend\n Une piscine ext\u00e9rieure est disponible \u00e0 la Villa Olivemare B&amp;B depuis le premier trimestre 2025.\t\t\t\t\t<\/p>\n\t\t\t\t\n\t\t\t<\/div>\n\t\t\t\n\t\t<\/div>\n\t\t\t\t\t\t<\/div>\n\t\t\t\t<\/div>\n\t\t\t\t<\/div>\n\t\t<div class=\"elementor-element elementor-element-5d43ace e-con-full e-flex e-con e-child\" data-id=\"5d43ace\" data-element_type=\"container\" data-e-type=\"container\">\n\t\t\t\t<div class=\"elementor-element elementor-element-95a349a elementor-widget__width-initial elementor-widget elementor-widget-gallery\" data-id=\"95a349a\" data-element_type=\"widget\" data-e-type=\"widget\" data-settings=\"{&quot;columns&quot;:2,&quot;aspect_ratio&quot;:&quot;4:3&quot;,&quot;lazyload&quot;:&quot;yes&quot;,&quot;gallery_layout&quot;:&quot;grid&quot;,&quot;columns_tablet&quot;:2,&quot;columns_mobile&quot;:1,&quot;gap&quot;:{&quot;unit&quot;:&quot;px&quot;,&quot;size&quot;:10,&quot;sizes&quot;:[]},&quot;gap_laptop&quot;:{&quot;unit&quot;:&quot;px&quot;,&quot;size&quot;:10,&quot;sizes&quot;:[]},&quot;gap_tablet_extra&quot;:{&quot;unit&quot;:&quot;px&quot;,&quot;size&quot;:10,&quot;sizes&quot;:[]},&quot;gap_tablet&quot;:{&quot;unit&quot;:&quot;px&quot;,&quot;size&quot;:10,&quot;sizes&quot;:[]},&quot;gap_mobile&quot;:{&quot;unit&quot;:&quot;px&quot;,&quot;size&quot;:10,&quot;sizes&quot;:[]}}\" data-widget_type=\"gallery.default\">\n\t\t\t\t<div class=\"elementor-widget-container\">\n\t\t\t\t\t\t\t<div class=\"elementor-gallery__container\">\n\t\t\t\t\t\t\t<div class=\"e-gallery-item elementor-gallery-item\">\n\t\t\t\t\t<div class=\"e-gallery-image elementor-gallery-item__image\" data-thumbnail=\"https:\/\/olivemare.it\/wp-content\/uploads\/Villa-Olivemare-BnB-Pietrasanta-Pool-View8.webp\" data-width=\"576\" data-height=\"298\" aria-label=\"Villa Olivemare BnB Pietrasanta Vue Piscine\" role=\"img\" ><\/div>\n\t\t\t\t\t\t\t\t\t\t\t\t\t\t<\/div>\n\t\t\t\t\t\t\t<div class=\"e-gallery-item elementor-gallery-item\">\n\t\t\t\t\t<div class=\"e-gallery-image elementor-gallery-item__image\" data-thumbnail=\"https:\/\/olivemare.it\/wp-content\/uploads\/Villa-Olivemare-BnB-Pietrasanta-Pool-View5.webp\" data-width=\"470\" data-height=\"1018\" aria-label=\"Villa Olivemare BnB Pietrasanta Vue Piscine\" role=\"img\" ><\/div>\n\t\t\t\t\t\t\t\t\t\t\t\t\t\t<\/div>\n\t\t\t\t\t<\/div>\n\t\t\t\t\t<\/div>\n\t\t\t\t<\/div>\n\t\t\t\t<\/div>\n\t\t\t\t\t<\/div>\n\t\t\t\t<\/div>\n\t\t\t\t<\/div>\n\t\t<div class=\"elementor-element elementor-element-0d70314 e-con-full e-flex e-con e-child\" data-id=\"0d70314\" data-element_type=\"container\" data-e-type=\"container\">\n\t\t\t\t<div class=\"elementor-element elementor-element-3aa8bb0 elementor-widget elementor-widget-heading\" data-id=\"3aa8bb0\" data-element_type=\"widget\" data-e-type=\"widget\" data-widget_type=\"heading.default\">\n\t\t\t\t<div class=\"elementor-widget-container\">\n\t\t\t\t\t<h1 class=\"elementor-heading-title elementor-size-default\">Villa Olivemare : Prestations haut de gamme et luxe toscan<\/h1>\t\t\t\t<\/div>\n\t\t\t\t<\/div>\n\t\t\t\t<div class=\"elementor-element elementor-element-7da85bd elementor-widget elementor-widget-text-editor\" data-id=\"7da85bd\" data-element_type=\"widget\" data-e-type=\"widget\" data-widget_type=\"text-editor.default\">\n\t\t\t\t<div class=\"elementor-widget-container\">\n\t\t\t\t\t\t\t\t\t<p>Alors que beaucoup recherchent un grand h\u00f4tel \u00e0 Pietrasanta ou \u00e0 Tonfano, la Villa Olivemare propose une exp\u00e9rience plus intime et personnalis\u00e9e. Nous allions le service professionnel d&rsquo;un h\u00f4tel de luxe au charme discret et sur mesure d&rsquo;une villa priv\u00e9e. Situ\u00e9e \u00e0 seulement 500 m\u00e8tres du centre historique et \u00e0 quelques minutes de la c\u00f4te de Versilia, notre villa offre des prestations haut de gamme con\u00e7ues pour les adultes en qu\u00eate d&rsquo;une retraite paisible.  <\/p><p>S\u00e9journez dans notre chambre d&rsquo;h\u00f4tes \u00e0 Pietrasanta, entour\u00e9e d&rsquo;oliviers et offrant une vue imprenable sur la mer. Profitez de chambres luxueuses, d&rsquo;un parking priv\u00e9 et d&rsquo;une situation tranquille \u00e0 proximit\u00e9 du centre historique et des plages de Toscane. <\/p><p>Avec son personnel multilingue et son ambiance paisible, c&rsquo;est l&rsquo;endroit id\u00e9al pour vos prochaines vacances. R\u00e9servez d\u00e8s maintenant pour un s\u00e9jour relaxant et inoubliable ! <\/p>\t\t\t\t\t\t\t\t<\/div>\n\t\t\t\t<\/div>\n\t\t\t\t<div class=\"elementor-element elementor-element-7c7ac38 elementor-widget elementor-widget-text-editor\" data-id=\"7c7ac38\" data-element_type=\"widget\" data-e-type=\"widget\" data-widget_type=\"text-editor.default\">\n\t\t\t\t<div class=\"elementor-widget-container\">\n\t\t\t\t\t\t\t\t\t<p>D\u00e9couvrez nos commodit\u00e9s<\/p>\t\t\t\t\t\t\t\t<\/div>\n\t\t\t\t<\/div>\n\t\t<div class=\"elementor-element elementor-element-f6c69d8 e-con-full e-flex e-con e-child\" data-id=\"f6c69d8\" data-element_type=\"container\" data-e-type=\"container\">\n\t\t\t\t<div class=\"elementor-element elementor-element-1618e7d elementor-widget__width-initial elementor-widget elementor-widget-text-editor\" data-id=\"1618e7d\" data-element_type=\"widget\" data-e-type=\"widget\" data-widget_type=\"text-editor.default\">\n\t\t\t\t<div class=\"elementor-widget-container\">\n\t\t\t\t\t\t\t\t\t<ul><li>Nouveaut\u00e9 2025&nbsp;: Piscine ext\u00e9rieure avec vue sur la mer.<\/li><li>Terrasse ensoleill\u00e9e : \u00c9quip\u00e9e de chaises longues confortables pour une d\u00e9tente absolue.<\/li><li>Jardin et vue : Vue panoramique sur la mer et le jardin depuis notre paisible colline.<\/li><li>R\u00e9serv\u00e9 aux adultes : un environnement paisible pour les clients \u00e2g\u00e9s de 14 ans et plus.<\/li><li>Climatisation : Climatisation, chauffage et volets \u00e9lectriques pour une nuit de sommeil parfaite.<\/li><li>Linge de maison de luxe&nbsp;: parquet, linge de maison de haute qualit\u00e9, peignoirs et pantoufles.<\/li><li>Rafra\u00eechissements : Mini-bar avec dosettes de th\u00e9 et de caf\u00e9 gratuites et bouilloire \u00e9lectrique.<\/li><li>Connectivit\u00e9 : Wi-Fi haut d\u00e9bit Starlink gratuit et t\u00e9l\u00e9viseurs \u00e0 \u00e9cran plat.<\/li><li>Arriv\u00e9e : Parking priv\u00e9 gratuit sur place (sans r\u00e9servation) et parking accessible.<\/li><li>Mobilit\u00e9 locale : Location de v\u00e9los gratuite et service de navette depuis\/vers la gare de Pietrasanta.<\/li><li>Services d&rsquo;accueil : m\u00e9nage quotidien, consigne \u00e0 bagages et personnel multilingue (DE, EN, FR, IT, LU).<\/li><\/ul><p><strong>Salle de bain priv\u00e9e<\/strong><br>Papier toilettes<br>Serviettes<br>Bidet<br>Douche<br>Toilette<br>Articles de toilette gratuits<br>Peignoir<br>Pantoufles<br>S\u00e8che-cheveux<\/p><p><strong>Chambre \u00e0 coucher<\/strong><br>Linge de maison<br>Armoire ou penderie<br>Support pour bagages<br>Bureau<br>Bouilloire \u00e9lectrique<br>Mini bar<br>Th\u00e9 et caf\u00e9 en dosette gratuit<\/p><p><strong>Vue<\/strong><br>Vue sur la mer <br>Vue sur le jardin<\/p><p><strong>Ext\u00e9rieur<\/strong><br>Mobilier ext\u00e9rieur<br>Terrasse ensoleill\u00e9e<br>Terrasse<br>Jardin<\/p><p><strong>Activit\u00e9s<\/strong><br>Location gratuite de bicyclettes<\/p>\t\t\t\t\t\t\t\t<\/div>\n\t\t\t\t<\/div>\n\t\t\t\t<div class=\"elementor-element elementor-element-de5ee35 elementor-widget__width-initial elementor-widget elementor-widget-text-editor\" data-id=\"de5ee35\" data-element_type=\"widget\" data-e-type=\"widget\" data-widget_type=\"text-editor.default\">\n\t\t\t\t<div class=\"elementor-widget-container\">\n\t\t\t\t\t\t\t\t\t<p><strong>Espace commun<br><\/strong>Salle de s\u00e8jour \u00e0 manger<\/p>\n<p><strong>M\u00e9dias et technologie<\/strong><br>T\u00e9l\u00e9vision \u00e0 \u00e9cran plat<br>WIFI haut d\u00e9bit gratuit disponible dans toutes les zones<\/p>\n<p><strong>Parking<\/strong><br>Un parking priv\u00e9 gratuit est disponible sur place (sans r\u00e9servation).<br>Parking accessible<\/p>\n<p><strong>Services<\/strong><br>Netyoyage quotidien<br>Salon commun<br>Bagagerie<br>Facture fournie<\/p>\n<p><strong>S\u00fbret\u00e9 et s\u00e9curit\u00e9<\/strong><br>Extincteurs d&rsquo;incendie<\/p>\n<p><strong>G\u00e9n\u00e9ralit\u00e9s<\/strong><br>R\u00e9serv\u00e9 aux adultes (enfants +14) &amp; animaux non admis<br>Climatisation<br>Volets \u00e9lectriques<br>Moustiquaire<br>Sols en bois dur ou en parquet<br>Chauffage<br>Chambres non-fumeurs<br>Service de navette vers\/depuis la gare de Pietrasanta<\/p>\n<p><strong>Accessibilit\u00e9<\/strong><br>L&rsquo;unit\u00e9 enti\u00e8re est situ\u00e9e au rez-de-chauss\u00e9e.<\/p>\n<p><strong>Wellness<\/strong><br>Chaises longues<\/p>\n<p><strong>Langues parl\u00e9es<\/strong><br>Allemand<br>Anglais<br>Fran\u00e7ais<br>Italien<br>Luxembourgeois<\/p>\t\t\t\t\t\t\t\t<\/div>\n\t\t\t\t<\/div>\n\t\t\t\t<\/div>\n\t\t\t\t<\/div>\n\t\t<div class=\"elementor-element elementor-element-63821de e-con-full e-flex e-con e-child\" data-id=\"63821de\" data-element_type=\"container\" data-e-type=\"container\">\n\t\t\t\t<\/div>\n\t\t<div class=\"elementor-element elementor-element-32b53a4 e-con-full e-flex e-con e-child\" data-id=\"32b53a4\" data-element_type=\"container\" data-e-type=\"container\">\n\t\t<div class=\"elementor-element elementor-element-67b8e5d e-con-full e-flex e-con e-child\" data-id=\"67b8e5d\" data-element_type=\"container\" data-e-type=\"container\">\n\t\t\t\t<\/div>\n\t\t\t\t<div class=\"elementor-element elementor-element-0858b03 elementor-widget elementor-widget-heading\" data-id=\"0858b03\" data-element_type=\"widget\" data-e-type=\"widget\" data-widget_type=\"heading.default\">\n\t\t\t\t<div class=\"elementor-widget-container\">\n\t\t\t\t\t<h2 class=\"elementor-heading-title elementor-size-default\">**R\u00e9servez votre s\u00e9jour d\u00e8s aujourd'hui**<\/h2>\t\t\t\t<\/div>\n\t\t\t\t<\/div>\n\t\t\t\t<div class=\"elementor-element elementor-element-51e5d0d elementor-widget elementor-widget-text-editor\" data-id=\"51e5d0d\" data-element_type=\"widget\" data-e-type=\"widget\" data-widget_type=\"text-editor.default\">\n\t\t\t\t<div class=\"elementor-widget-container\">\n\t\t\t\t\t\t\t\t\t<p>\u00c9chappez \u00e0 l&rsquo;ordinaire et plongez au c\u0153ur de la Toscane. <a href=\"https:\/\/olivemare.it\/charming-bb-pietrasanta\/\">Notre BnB \u00e0 Pietrasanta<\/a>&nbsp;, \u00e0 quelques minutes du centre-ville, vous offre un havre de paix chaleureux et confortable, o\u00f9 chaque d\u00e9tail a \u00e9t\u00e9 pens\u00e9 pour votre plaisir.<\/p>\t\t\t\t\t\t\t\t<\/div>\n\t\t\t\t<\/div>\n\t\t\t\t<\/div>\n\t\t<div class=\"elementor-element elementor-element-cd33cd4 e-con-full e-flex e-con e-child\" data-id=\"cd33cd4\" data-element_type=\"container\" data-e-type=\"container\">\n\t\t<div class=\"elementor-element elementor-element-272e312 e-con-full e-flex e-con e-child\" data-id=\"272e312\" data-element_type=\"container\" data-e-type=\"container\">\n\t\t\t\t<div class=\"elementor-element elementor-element-1f8224a elementor-widget elementor-widget-heading\" data-id=\"1f8224a\" data-element_type=\"widget\" data-e-type=\"widget\" data-widget_type=\"heading.default\">\n\t\t\t\t<div class=\"elementor-widget-container\">\n\t\t\t\t\t<p class=\"elementor-heading-title elementor-size-default\"><a href=\"https:\/\/olivemare.it\/romantic-getaways-pietrasanta-accomodation\/\">Nos Chambres<\/a><\/p>\t\t\t\t<\/div>\n\t\t\t\t<\/div>\n\t\t\t\t<\/div>\n\t\t<div class=\"elementor-element elementor-element-a7520ef e-con-full e-flex e-con e-child\" data-id=\"a7520ef\" data-element_type=\"container\" data-e-type=\"container\">\n\t\t\t\t<div class=\"elementor-element elementor-element-b97b99b elementor-widget elementor-widget-heading\" data-id=\"b97b99b\" data-element_type=\"widget\" data-e-type=\"widget\" data-widget_type=\"heading.default\">\n\t\t\t\t<div class=\"elementor-widget-container\">\n\t\t\t\t\t<p class=\"elementor-heading-title elementor-size-default\"><a href=\"https:\/\/olivemare.it\/fr\/blog\/\">Consultez notre blog<\/a><\/p>\t\t\t\t<\/div>\n\t\t\t\t<\/div>\n\t\t\t\t<\/div>\n\t\t<div class=\"elementor-element elementor-element-53f8681 e-con-full e-flex e-con e-child\" data-id=\"53f8681\" data-element_type=\"container\" data-e-type=\"container\">\n\t\t\t\t<div class=\"elementor-element elementor-element-9931e85 elementor-widget elementor-widget-heading\" data-id=\"9931e85\" data-element_type=\"widget\" data-e-type=\"widget\" data-widget_type=\"heading.default\">\n\t\t\t\t<div class=\"elementor-widget-container\">\n\t\t\t\t\t<p class=\"elementor-heading-title elementor-size-default\"><a href=\"https:\/\/olivemare.it\/title-sep-sitename\/\">FAQ<\/a><\/p>\t\t\t\t<\/div>\n\t\t\t\t<\/div>\n\t\t\t\t<\/div>\n\t\t\t\t<\/div>\n\t\t<div class=\"elementor-element elementor-element-5e38561 e-con-full e-flex e-con e-child\" data-id=\"5e38561\" data-element_type=\"container\" data-e-type=\"container\">\n\t\t<div class=\"elementor-element elementor-element-51f41ce e-con-full e-flex e-con e-child\" data-id=\"51f41ce\" data-element_type=\"container\" data-e-type=\"container\">\n\t\t\t\t<div class=\"elementor-element elementor-element-dd8d4ef elementor-widget elementor-widget-heading\" data-id=\"dd8d4ef\" data-element_type=\"widget\" data-e-type=\"widget\" data-widget_type=\"heading.default\">\n\t\t\t\t<div class=\"elementor-widget-container\">\n\t\t\t\t\t<p class=\"elementor-heading-title elementor-size-default\"><a href=\"https:\/\/www.instagram.com\/villaolivemare\/?igsh=eHJ5bnpoZ2NqN2o5\" target=\"_blank\">Instagram<\/a><\/p>\t\t\t\t<\/div>\n\t\t\t\t<\/div>\n\t\t\t\t<\/div>\n\t\t\t\t<\/div>\n\t\t\t\t<\/div>\n\t\t\t\t<\/div>\n\t\t","protected":false},"excerpt":{"rendered":"<p>Toscan BnB Vue sur le jardin  <\/p>\n","protected":false},"author":6,"featured_media":15084,"parent":0,"menu_order":0,"comment_status":"closed","ping_status":"closed","template":"","meta":{"slim_seo":{"title":"\u00c9quipements et services | Exp\u00e9rience h\u00f4teli\u00e8re de charme \u00e0 Pietrasanta","description":"Vous cherchez un h\u00f4tel \u00e0 Pietrasanta ou Tonfano\u00a0? La Villa Olivemare vous propose un s\u00e9jour de luxe dans un h\u00f4tel-boutique \u00e0 seulement 500\u00a0m du centre. Profitez d\u2019une piscine avec vue sur la mer, du Wi-Fi Starlink et d\u2019un parking priv\u00e9."},"footnotes":""},"class_list":["post-7779","page","type-page","status-publish","has-post-thumbnail","hentry"],"_links":{"self":[{"href":"https:\/\/olivemare.it\/fr\/wp-json\/wp\/v2\/pages\/7779","targetHints":{"allow":["GET"]}}],"collection":[{"href":"https:\/\/olivemare.it\/fr\/wp-json\/wp\/v2\/pages"}],"about":[{"href":"https:\/\/olivemare.it\/fr\/wp-json\/wp\/v2\/types\/page"}],"author":[{"embeddable":true,"href":"https:\/\/olivemare.it\/fr\/wp-json\/wp\/v2\/users\/6"}],"replies":[{"embeddable":true,"href":"https:\/\/olivemare.it\/fr\/wp-json\/wp\/v2\/comments?post=7779"}],"version-history":[{"count":3,"href":"https:\/\/olivemare.it\/fr\/wp-json\/wp\/v2\/pages\/7779\/revisions"}],"predecessor-version":[{"id":21919,"href":"https:\/\/olivemare.it\/fr\/wp-json\/wp\/v2\/pages\/7779\/revisions\/21919"}],"wp:featuredmedia":[{"embeddable":true,"href":"https:\/\/olivemare.it\/fr\/wp-json\/wp\/v2\/media\/15084"}],"wp:attachment":[{"href":"https:\/\/olivemare.it\/fr\/wp-json\/wp\/v2\/media?parent=7779"}],"curies":[{"name":"wp","href":"https:\/\/api.w.org\/{rel}","templated":true}]}}