{"id":20812,"date":"2019-08-20T11:29:12","date_gmt":"2019-08-20T10:29:12","guid":{"rendered":"https:\/\/olivemare.it\/a-propos-de-nous\/"},"modified":"2026-01-16T18:19:21","modified_gmt":"2026-01-16T17:19:21","slug":"a-propos-de-nous","status":"publish","type":"page","link":"https:\/\/olivemare.it\/fr\/a-propos-de-nous\/","title":{"rendered":"A propos de nous"},"content":{"rendered":"\t\t<div data-elementor-type=\"wp-page\" data-elementor-id=\"20812\" class=\"elementor elementor-20812 elementor-238\" data-elementor-post-type=\"page\">\n\t\t\t\t<div class=\"elementor-element elementor-element-41771a6 e-con-full e-flex e-con e-parent\" data-id=\"41771a6\" data-element_type=\"container\" data-e-type=\"container\">\n\t\t<div class=\"elementor-element elementor-element-db32ccb e-con-full e-flex e-con e-child\" data-id=\"db32ccb\" data-element_type=\"container\" data-e-type=\"container\">\n\t\t\t\t<div class=\"elementor-element elementor-element-8471a3a elementor-widget elementor-widget-html\" data-id=\"8471a3a\" data-element_type=\"widget\" data-e-type=\"widget\" data-widget_type=\"html.default\">\n\t\t\t\t<div class=\"elementor-widget-container\">\n\t\t\t\t\t    <link rel=\"alternate\" hreflang=\"en\" href=\"https:\/\/olivemare.it\/\">  \n    <link rel=\"alternate\" hreflang=\"it\" href=\"https:\/\/olivemare.it\/it\/\">  \n    <link rel=\"alternate\" hreflang=\"de\" href=\"https:\/\/olivemare.it\/de\/\">  \n    <link rel=\"alternate\" hreflang=\"fr\" href=\"https:\/\/olivemare.it\/fr\/\">\n\t\t\t\t<\/div>\n\t\t\t\t<\/div>\n\t\t\t\t<div class=\"elementor-element elementor-element-9738ae1 elementor-widget elementor-widget-heading\" data-id=\"9738ae1\" data-element_type=\"widget\" data-e-type=\"widget\" data-widget_type=\"heading.default\">\n\t\t\t\t<div class=\"elementor-widget-container\">\n\t\t\t\t\t<h1 class=\"elementor-heading-title elementor-size-default\">Rencontrez vos h\u00f4tes :<br>Cathy &amp; Marco<\/h1>\t\t\t\t<\/div>\n\t\t\t\t<\/div>\n\t\t\t\t<div class=\"elementor-element elementor-element-26e38ed elementor-widget elementor-widget-text-editor\" data-id=\"26e38ed\" data-element_type=\"widget\" data-e-type=\"widget\" data-widget_type=\"text-editor.default\">\n\t\t\t\t<div class=\"elementor-widget-container\">\n\t\t\t\t\t\t\t\t\t<p>La vie de Cathy et Marco a pris un tournant passionnant fin 2019. Apr\u00e8s plus de 50 ans au Luxembourg, ils ont d\u00e9cid\u00e9 de se lancer dans une nouvelle aventure : ouvrir une <a href=\"https:\/\/olivemare.it\/fr\/\">maison d\u2019h\u00f4tes en Toscane,<\/a> en Italie.<br>Leurs parcours professionnels ne les ont peut-\u00eatre pas initialement men\u00e9s vers l&rsquo;h\u00f4tellerie \u2013 Marco, passionn\u00e9 d&rsquo;informatique, et Cathy, qui r\u00eavait depuis l&rsquo;enfance d&rsquo;ouvrir un h\u00f4tel mais dont le r\u00eave a pris une autre tournure professionnelle \u2013 mais ensemble, ils ont d\u00e9cid\u00e9 de se lancer dans ce projet qui les passionnait.<br>Malheureusement, la crise du Covid a interrompu le projet pendant longtemps\u2026 mais aujourd\u2019hui, quelques ann\u00e9es plus tard, ils sont heureux d\u2019annoncer qu\u2019en 2024, leur Bed &amp; Breakfast \u00ab Villa Olivemare B&amp;B \u00bb \u00e0 Pietrasanta a enfin ouvert ses portes.  <\/p>\t\t\t\t\t\t\t\t<\/div>\n\t\t\t\t<\/div>\n\t\t\t\t<\/div>\n\t\t<div class=\"elementor-element elementor-element-d3e6be0 e-con-full e-flex e-con e-child\" data-id=\"d3e6be0\" data-element_type=\"container\" data-e-type=\"container\">\n\t\t\t\t<div class=\"elementor-element elementor-element-a407716 elementor-widget elementor-widget-heading\" data-id=\"a407716\" data-element_type=\"widget\" data-e-type=\"widget\" data-widget_type=\"heading.default\">\n\t\t\t\t<div class=\"elementor-widget-container\">\n\t\t\t\t\t<h2 class=\"elementor-heading-title elementor-size-default\">Pourquoi la Toscane ? Pourquoi Pietrasanta ? Pourquoi cette villa ?    <\/h2>\t\t\t\t<\/div>\n\t\t\t\t<\/div>\n\t\t\t\t<div class=\"elementor-element elementor-element-98a119d elementor-widget elementor-widget-text-editor\" data-id=\"98a119d\" data-element_type=\"widget\" data-e-type=\"widget\" data-widget_type=\"text-editor.default\">\n\t\t\t\t<div class=\"elementor-widget-container\">\n\t\t\t\t\t\t\t\t\t<p><span style=\"font-weight: 400;\">Pour Marco, qui est italien et Cathy s\u00e9duite par la beaut\u00e9 de l&rsquo;Italie, la Toscane \u00e9tait un choix naturel en raison de ses paysages \u00e9poustouflants, de ses c\u00f4tes magnifiques, de sa riche culture et, bien s\u00fbr, de sa d\u00e9licieuse cuisine.&nbsp;&nbsp;<\/span><\/p>\n<p><a href=\"https:\/\/olivemare.it\/fr\/votre-porte-dentree-vers-le-meilleur-de-la-toscane-des-plages-aux-villes-historiques\/\"><span style=\"font-weight: 400;\"> Une retraite artistique et tranquille en Toscane&nbsp;<\/span><\/a><\/p>\n<p><span style=\"font-weight: 400;\">En Toscane, leur choix s&rsquo;est port\u00e9 sur Pietrasanta. Situ\u00e9e au c\u0153ur de la Versilia, pr\u00e8s de Lucca, Pietrasanta est une charmante ville d&rsquo;art d&rsquo;origine m\u00e9di\u00e9vale. C&rsquo;est un centre d&rsquo;int\u00e9r\u00eat international pour l&rsquo;art et la sculpture du marbre et du bronze. Avec ses restaurants, ses galeries d&rsquo;art, ses attractions locales, ses hivers doux et la proximit\u00e9 de la mer Tyrrh\u00e9nienne et des Alpes Apuanes, Pietrasanta \u00e9tait le lieu id\u00e9al.   &nbsp;&nbsp;<\/span><\/p>\n<p><span style=\"font-size: 1rem; letter-spacing: 0.3px;\">C&rsquo;est l\u00e0 qu&rsquo;ils sont tomb\u00e9s amoureux d&rsquo;une villa contemporaine perch\u00e9e sur une colline, entour\u00e9e d&rsquo;oliviers, avec une vue imprenable sur la mer et \u00e0 seulement 500 m\u00e8tres du centre historique de Pietrasanta. La villa a \u00e9t\u00e9 enti\u00e8rement r\u00e9nov\u00e9e et d\u00e9cor\u00e9e de mani\u00e8re \u00e0 refl\u00e9ter dans les moindres d\u00e9tails la personnalit\u00e9 de Cathy et Marco. <\/span><span style=\"font-size: 1rem; letter-spacing: 0.3px;\">C&rsquo;est leur maison, un lieu qu&rsquo;ils partagent avec des h\u00f4tes en qu\u00eate d&rsquo;un s\u00e9jour chaleureux et authentique.<\/span><\/p>\n<p><\/p>\t\t\t\t\t\t\t\t<\/div>\n\t\t\t\t<\/div>\n\t\t\t\t<\/div>\n\t\t<div class=\"elementor-element elementor-element-cc6a529 e-con-full e-flex e-con e-child\" data-id=\"cc6a529\" data-element_type=\"container\" data-e-type=\"container\">\n\t\t\t\t<div class=\"elementor-element elementor-element-14d94a5 elementor-widget elementor-widget-heading\" data-id=\"14d94a5\" data-element_type=\"widget\" data-e-type=\"widget\" data-widget_type=\"heading.default\">\n\t\t\t\t<div class=\"elementor-widget-container\">\n\t\t\t\t\t<h2 class=\"elementor-heading-title elementor-size-default\">Votre sanctuaire toscan : Une retraite luxueuse  <\/h2>\t\t\t\t<\/div>\n\t\t\t\t<\/div>\n\t\t\t\t<div class=\"elementor-element elementor-element-6dfb3f6 elementor-widget elementor-widget-text-editor\" data-id=\"6dfb3f6\" data-element_type=\"widget\" data-e-type=\"widget\" data-widget_type=\"text-editor.default\">\n\t\t\t\t<div class=\"elementor-widget-container\">\n\t\t\t\t\t\t\t\t\t<p><span style=\"font-weight: 400;\">Villa Olivemare B&amp;B est une villa r\u00e9cemment r\u00e9nov\u00e9e, offrant un lieu paisible entour\u00e9 d&rsquo;oliveraies et une vue panoramique sur la mer. C&rsquo;est un choix parfait pour ceux qui recherchent la tranquillit\u00e9.  <\/span><\/p><p><span style=\"font-weight: 400;\">  <\/span><span style=\"font-size: 1rem; letter-spacing: 0.3px;\">Le B&amp;B est situ\u00e9 \u00e0 seulement 500 m\u00e8tres de la Piazza Duomo de Pietrasanta o\u00f9 vous trouverez des restaurants, des galeries d&rsquo;art et des attractions locales. <\/span><\/p><p><span style=\"font-size: 1rem; letter-spacing: 0.3px;\">C&rsquo;est \u00e9galement le point de d\u00e9part id\u00e9al pour explorer les environs, notamment Florence, Lucques, Sienne, Pise, Viareggio, Forte dei Marmi, les grottes de marbre de Carrare, Bolgheri, les Cinque Terre et bien d&rsquo;autres villes charmantes, ainsi que les magnifiques plages de la mer Tyrrh\u00e9nienne et des Alpes apuanes.<\/span><\/p>\t\t\t\t\t\t\t\t<\/div>\n\t\t\t\t<\/div>\n\t\t\t\t<\/div>\n\t\t<div class=\"elementor-element elementor-element-55360ad e-con-full e-flex e-con e-child\" data-id=\"55360ad\" data-element_type=\"container\" data-e-type=\"container\">\n\t\t\t\t<div class=\"elementor-element elementor-element-5f8a512 elementor-widget elementor-widget-heading\" data-id=\"5f8a512\" data-element_type=\"widget\" data-e-type=\"widget\" data-widget_type=\"heading.default\">\n\t\t\t\t<div class=\"elementor-widget-container\">\n\t\t\t\t\t<h2 class=\"elementor-heading-title elementor-size-default\">Exp\u00e9rience de Villa Olivemare B&amp;B  <\/h2>\t\t\t\t<\/div>\n\t\t\t\t<\/div>\n\t\t\t\t<div class=\"elementor-element elementor-element-eb9e23c elementor-widget elementor-widget-text-editor\" data-id=\"eb9e23c\" data-element_type=\"widget\" data-e-type=\"widget\" data-widget_type=\"text-editor.default\">\n\t\t\t\t<div class=\"elementor-widget-container\">\n\t\t\t\t\t\t\t\t\t<p><span style=\"font-weight: 400;\">La Villa Olivemare B&amp;B vous offre tout le n\u00e9cessaire pour des vacances parfaites : parking priv\u00e9, location de v\u00e9los gratuite, piscine ext\u00e9rieure, personnel multilingue, chambres luxueuses avec salle de bain privative, mobilier contemporain \u00e9l\u00e9gant et mat\u00e9riaux de haute qualit\u00e9. Chaque d\u00e9tail a \u00e9t\u00e9 pens\u00e9 pour votre confort et votre d\u00e9tente. &nbsp;<br><\/span><\/p>\t\t\t\t\t\t\t\t<\/div>\n\t\t\t\t<\/div>\n\t\t\t\t<\/div>\n\t\t<div class=\"elementor-element elementor-element-1210717 e-con-full e-flex e-con e-child\" data-id=\"1210717\" data-element_type=\"container\" data-e-type=\"container\">\n\t\t\t\t<div class=\"elementor-element elementor-element-85c83ca elementor-widget elementor-widget-heading\" data-id=\"85c83ca\" data-element_type=\"widget\" data-e-type=\"widget\" data-widget_type=\"heading.default\">\n\t\t\t\t<div class=\"elementor-widget-container\">\n\t\t\t\t\t<h2 class=\"elementor-heading-title elementor-size-default\">Plus qu'un simple lieu de s\u00e9jour  <\/h2>\t\t\t\t<\/div>\n\t\t\t\t<\/div>\n\t\t\t\t<div class=\"elementor-element elementor-element-f34cfac elementor-widget elementor-widget-text-editor\" data-id=\"f34cfac\" data-element_type=\"widget\" data-e-type=\"widget\" data-widget_type=\"text-editor.default\">\n\t\t\t\t<div class=\"elementor-widget-container\">\n\t\t\t\t\t\t\t\t\t<p><span style=\"font-weight: 400;\">Au sein de la Villa Olivemare B&amp;B, Cathy et Marco accueillent chaleureusement tous les clients, leur garantissant un s\u00e9jour personnalis\u00e9 et inoubliable. Leur passion pour l&rsquo;hospitalit\u00e9 et leur connaissance approfondie de la r\u00e9gion garantissent que chaque client se sente comme chez lui.  <\/span><\/p>\t\t\t\t\t\t\t\t<\/div>\n\t\t\t\t<\/div>\n\t\t\t\t<\/div>\n\t\t<div class=\"elementor-element elementor-element-7f32bb0 e-con-full e-flex e-con e-child\" data-id=\"7f32bb0\" data-element_type=\"container\" data-e-type=\"container\">\n\t\t\t\t<div class=\"elementor-element elementor-element-f844628 elementor-widget elementor-widget-heading\" data-id=\"f844628\" data-element_type=\"widget\" data-e-type=\"widget\" data-widget_type=\"heading.default\">\n\t\t\t\t<div class=\"elementor-widget-container\">\n\t\t\t\t\t<h2 class=\"elementor-heading-title elementor-size-default\">Laissez-vous tenter par les d\u00e9lices culinaires  <\/h2>\t\t\t\t<\/div>\n\t\t\t\t<\/div>\n\t\t\t\t<div class=\"elementor-element elementor-element-6edbf7d elementor-widget elementor-widget-text-editor\" data-id=\"6edbf7d\" data-element_type=\"widget\" data-e-type=\"widget\" data-widget_type=\"text-editor.default\">\n\t\t\t\t<div class=\"elementor-widget-container\">\n\t\t\t\t\t\t\t\t\t<p><span style=\"font-weight: 400;\">Chaque matin, Cathy et Marco vous pr\u00e9parent un petit-d\u00e9jeuner continental exceptionnel \u00e0 la carte, \u00e0 d\u00e9guster sur la terrasse pr\u00e8s de la piscine, entour\u00e9e d&rsquo;oliviers et offrant une vue sur la mer. <\/span><\/p>\t\t\t\t\t\t\t\t<\/div>\n\t\t\t\t<\/div>\n\t\t\t\t<\/div>\n\t\t<div class=\"elementor-element elementor-element-7bcc0f0 e-con-full e-flex e-con e-child\" data-id=\"7bcc0f0\" data-element_type=\"container\" data-e-type=\"container\">\n\t\t\t\t<div class=\"elementor-element elementor-element-a70ec5a elementor-widget elementor-widget-heading\" data-id=\"a70ec5a\" data-element_type=\"widget\" data-e-type=\"widget\" data-widget_type=\"heading.default\">\n\t\t\t\t<div class=\"elementor-widget-container\">\n\t\t\t\t\t<h2 class=\"elementor-heading-title elementor-size-default\">Laissez-vous vous accueillir dans votre langue <\/h2>\t\t\t\t<\/div>\n\t\t\t\t<\/div>\n\t\t\t\t<div class=\"elementor-element elementor-element-6847436 elementor-widget elementor-widget-text-editor\" data-id=\"6847436\" data-element_type=\"widget\" data-e-type=\"widget\" data-widget_type=\"text-editor.default\">\n\t\t\t\t<div class=\"elementor-widget-container\">\n\t\t\t\t\t\t\t\t\t<p><span style=\"font-weight: 400;\">Marco et Cathy accueillent leurs h\u00f4tes en italien, luxembourgeois, allemand, fran\u00e7ais ou anglais.  <\/span><\/p>\t\t\t\t\t\t\t\t<\/div>\n\t\t\t\t<\/div>\n\t\t\t\t<\/div>\n\t\t<div class=\"elementor-element elementor-element-a74029d e-con-full e-flex e-con e-child\" data-id=\"a74029d\" data-element_type=\"container\" data-e-type=\"container\">\n\t\t\t\t<div class=\"elementor-element elementor-element-81f573b elementor-widget elementor-widget-heading\" data-id=\"81f573b\" data-element_type=\"widget\" data-e-type=\"widget\" data-widget_type=\"heading.default\">\n\t\t\t\t<div class=\"elementor-widget-container\">\n\t\t\t\t\t<h2 class=\"elementor-heading-title elementor-size-default\">Piscine ext\u00e9rieure <\/h2>\t\t\t\t<\/div>\n\t\t\t\t<\/div>\n\t\t\t\t<div class=\"elementor-element elementor-element-64e7bc8 elementor-widget elementor-widget-text-editor\" data-id=\"64e7bc8\" data-element_type=\"widget\" data-e-type=\"widget\" data-widget_type=\"text-editor.default\">\n\t\t\t\t<div class=\"elementor-widget-container\">\n\t\t\t\t\t\t\t\t\t<p><span style=\"font-weight: 400;\">Une piscine ext\u00e9rieure est disponible \u00e0 la Villa Olivemare B&amp;B depuis le premier trimestre 2025. <\/span><\/p>\t\t\t\t\t\t\t\t<\/div>\n\t\t\t\t<\/div>\n\t\t\t\t<\/div>\n\t\t<div class=\"elementor-element elementor-element-64eb94f e-con-full e-flex e-con e-child\" data-id=\"64eb94f\" data-element_type=\"container\" data-e-type=\"container\">\n\t\t\t\t<div class=\"elementor-element elementor-element-ff8b2ae elementor-widget elementor-widget-heading\" data-id=\"ff8b2ae\" data-element_type=\"widget\" data-e-type=\"widget\" data-widget_type=\"heading.default\">\n\t\t\t\t<div class=\"elementor-widget-container\">\n\t\t\t\t\t<h2 class=\"elementor-heading-title elementor-size-default\">Des souvenirs inoubliables vous attendent  <\/h2>\t\t\t\t<\/div>\n\t\t\t\t<\/div>\n\t\t\t\t<div class=\"elementor-element elementor-element-d6e6289 elementor-widget elementor-widget-text-editor\" data-id=\"d6e6289\" data-element_type=\"widget\" data-e-type=\"widget\" data-widget_type=\"text-editor.default\">\n\t\t\t\t<div class=\"elementor-widget-container\">\n\t\t\t\t\t\t\t\t\t<p><span style=\"font-weight: 400;\">Villa Olivemare B&amp;B a obtenu une note de 9.9\/10 sur Booking.com et 5 \u00e9toiles sur Google, pour la premi\u00e8re saison 2024.  <\/span><\/p><p><span style=\"font-weight: 400;\"><a href=\"https:\/\/olivemare.it\/romantic-getaways-pietrasanta-accomodation\/\">R\u00e9servez<\/a> votre s\u00e9jour d\u00e8s aujourd&rsquo;hui \u00e0 la Villa Olivemare B&amp;B !  <\/span><\/p>\t\t\t\t\t\t\t\t<\/div>\n\t\t\t\t<\/div>\n\t\t\t\t<\/div>\n\t\t\t\t<\/div>\n\t\t\t\t<\/div>\n\t\t","protected":false},"excerpt":{"rendered":"<p>\u00c9chappez-vous en Toscane : Votre s\u00e9jour relaxant en chambre d&rsquo;h\u00f4tes<\/p>\n","protected":false},"author":6,"featured_media":10467,"parent":0,"menu_order":0,"comment_status":"closed","ping_status":"closed","template":"","meta":{"footnotes":""},"class_list":["post-20812","page","type-page","status-publish","has-post-thumbnail","hentry"],"_links":{"self":[{"href":"https:\/\/olivemare.it\/fr\/wp-json\/wp\/v2\/pages\/20812","targetHints":{"allow":["GET"]}}],"collection":[{"href":"https:\/\/olivemare.it\/fr\/wp-json\/wp\/v2\/pages"}],"about":[{"href":"https:\/\/olivemare.it\/fr\/wp-json\/wp\/v2\/types\/page"}],"author":[{"embeddable":true,"href":"https:\/\/olivemare.it\/fr\/wp-json\/wp\/v2\/users\/6"}],"replies":[{"embeddable":true,"href":"https:\/\/olivemare.it\/fr\/wp-json\/wp\/v2\/comments?post=20812"}],"version-history":[{"count":3,"href":"https:\/\/olivemare.it\/fr\/wp-json\/wp\/v2\/pages\/20812\/revisions"}],"predecessor-version":[{"id":20815,"href":"https:\/\/olivemare.it\/fr\/wp-json\/wp\/v2\/pages\/20812\/revisions\/20815"}],"wp:featuredmedia":[{"embeddable":true,"href":"https:\/\/olivemare.it\/fr\/wp-json\/wp\/v2\/media\/10467"}],"wp:attachment":[{"href":"https:\/\/olivemare.it\/fr\/wp-json\/wp\/v2\/media?parent=20812"}],"curies":[{"name":"wp","href":"https:\/\/api.w.org\/{rel}","templated":true}]}}