{"id":20128,"date":"2025-12-07T10:25:06","date_gmt":"2025-12-07T09:25:06","guid":{"rendered":"https:\/\/olivemare.it\/cheque-cadeau-pour-la-toscane\/"},"modified":"2025-12-07T10:25:45","modified_gmt":"2025-12-07T09:25:45","slug":"cheque-cadeau-pour-la-toscane","status":"publish","type":"page","link":"https:\/\/olivemare.it\/fr\/cheque-cadeau-pour-la-toscane\/","title":{"rendered":"Ch\u00e8que-Cadeau pour la Toscane"},"content":{"rendered":"\t\t<div data-elementor-type=\"wp-page\" data-elementor-id=\"20128\" class=\"elementor elementor-20128 elementor-20094\" data-elementor-post-type=\"page\">\n\t\t\t\t<div class=\"elementor-element elementor-element-1922230 e-con-full e-flex e-con e-parent\" data-id=\"1922230\" data-element_type=\"container\" data-e-type=\"container\">\n\t\t<div class=\"elementor-element elementor-element-b501c05 e-con-full e-flex e-con e-child\" data-id=\"b501c05\" data-element_type=\"container\" data-e-type=\"container\">\n\t\t\t\t<div class=\"elementor-element elementor-element-8bb86a4 elementor-widget elementor-widget-heading\" data-id=\"8bb86a4\" data-element_type=\"widget\" data-e-type=\"widget\" data-widget_type=\"heading.default\">\n\t\t\t\t<div class=\"elementor-widget-container\">\n\t\t\t\t\t<h1 class=\"elementor-heading-title elementor-size-default\">\ud83c\udf81 Le Cadeau Parfait: Un Ch\u00e8que-Cadeau pour la Toscane \ud83c\udf81<\/h1>\t\t\t\t<\/div>\n\t\t\t\t<\/div>\n\t\t\t\t<div class=\"elementor-element elementor-element-528a90d elementor-widget elementor-widget-text-editor\" data-id=\"528a90d\" data-element_type=\"widget\" data-e-type=\"widget\" data-widget_type=\"text-editor.default\">\n\t\t\t\t<div class=\"elementor-widget-container\">\n\t\t\t\t\t\t\t\t\t<p>\u00cates-vous \u00e0 la recherche du cadeau parfait ? Offrez un Ch\u00e8que-Cadeau pour un s\u00e9jour inoubliable \u00e0 la Villa Olivemare B&amp;B ! <br>Choisissez d&rsquo;offrir une \u00e9motion, et pas seulement un objet. Un Ch\u00e8que-Cadeau pour un s\u00e9jour est la meilleure fa\u00e7on de surprendre un \u00eatre cher avec une pause de d\u00e9tente, d&rsquo;art et de saveurs au c\u0153ur de la Versilia \u00e0 Pietrasanta. <\/p><p>Pourquoi choisir notre ch\u00e8que-cadeau?<\/p><ul><li>Le Cadeau de l&rsquo;Exp\u00e9rience : Offrez une v\u00e9ritable \u00e9vasion du quotidien.<\/li><li>Flexibilit\u00e9 Maximale : Le b\u00e9n\u00e9ficiaire du bon peut choisir lui-m\u00eame la meilleure date pour voyager.<\/li><li>Valeur Garantie : Offrez un s\u00e9jour dans notre coin de paix, \u00e0 deux pas des plages et des merveilles des Alpes Apuanes.<\/li><\/ul>\t\t\t\t\t\t\t\t<\/div>\n\t\t\t\t<\/div>\n\t\t\t\t<div class=\"elementor-element elementor-element-b9e5bf8 elementor-hidden-tablet elementor-hidden-mobile elementor-widget elementor-widget-text-editor\" data-id=\"b9e5bf8\" data-element_type=\"widget\" data-e-type=\"widget\" data-widget_type=\"text-editor.default\">\n\t\t\t\t<div class=\"elementor-widget-container\">\n\t\t\t\t\t\t\t\t\t<p>\u2193 Faites d\u00e9filer vers le bas pour voir un exemple de notre bon cadeau \u2193<\/p>\t\t\t\t\t\t\t\t<\/div>\n\t\t\t\t<\/div>\n\t\t<div class=\"elementor-element elementor-element-e5a6907 e-con-full e-flex e-con e-child\" data-id=\"e5a6907\" data-element_type=\"container\" data-e-type=\"container\" data-settings=\"{&quot;background_background&quot;:&quot;classic&quot;}\">\n\t\t\t\t<\/div>\n\t\t\t\t<div class=\"elementor-element elementor-element-c51c783 elementor-widget elementor-widget-text-editor\" data-id=\"c51c783\" data-element_type=\"widget\" data-e-type=\"widget\" data-widget_type=\"text-editor.default\">\n\t\t\t\t<div class=\"elementor-widget-container\">\n\t\t\t\t\t\t\t\t\t<p>\u27a1\ufe0f Contactez-nous d\u00e8s aujourd&rsquo;hui pour cr\u00e9er votre ch\u00e8que-cadeau personnalis\u00e9 !<\/p>\t\t\t\t\t\t\t\t<\/div>\n\t\t\t\t<\/div>\n\t\t\t\t<\/div>\n\t\t\t\t<\/div>\n\t\t\t\t<\/div>\n\t\t","protected":false},"excerpt":{"rendered":"<p>? Le Cadeau Parfait: Un Ch\u00e8que-Cadeau pour la Toscane ? \u00cates-vous \u00e0 la recherche du cadeau parfait ? Offrez un Ch\u00e8que-Cadeau pour un s\u00e9jour inoubliable \u00e0 la Villa Olivemare B&amp;B ! Choisissez d&rsquo;offrir une \u00e9motion, et pas seulement un objet. Un Ch\u00e8que-Cadeau pour un s\u00e9jour est la meilleure fa\u00e7on de surprendre un \u00eatre cher avec [&hellip;]<\/p>\n","protected":false},"author":6,"featured_media":20127,"parent":0,"menu_order":0,"comment_status":"closed","ping_status":"closed","template":"","meta":{"slim_seo":{"title":"Ch\u00e8que-Cadeau pour la Toscane - Villa OliveMare","description":"? Le Cadeau Parfait: Un Ch\u00e8que-Cadeau pour la Toscane ? \u00cates-vous \u00e0 la recherche du cadeau parfait ? Offrez un Ch\u00e8que-Cadeau pour un s\u00e9jour inoubliable \u00e0 la Vil"},"footnotes":""},"class_list":["post-20128","page","type-page","status-publish","has-post-thumbnail","hentry"],"_links":{"self":[{"href":"https:\/\/olivemare.it\/fr\/wp-json\/wp\/v2\/pages\/20128","targetHints":{"allow":["GET"]}}],"collection":[{"href":"https:\/\/olivemare.it\/fr\/wp-json\/wp\/v2\/pages"}],"about":[{"href":"https:\/\/olivemare.it\/fr\/wp-json\/wp\/v2\/types\/page"}],"author":[{"embeddable":true,"href":"https:\/\/olivemare.it\/fr\/wp-json\/wp\/v2\/users\/6"}],"replies":[{"embeddable":true,"href":"https:\/\/olivemare.it\/fr\/wp-json\/wp\/v2\/comments?post=20128"}],"version-history":[{"count":5,"href":"https:\/\/olivemare.it\/fr\/wp-json\/wp\/v2\/pages\/20128\/revisions"}],"predecessor-version":[{"id":20169,"href":"https:\/\/olivemare.it\/fr\/wp-json\/wp\/v2\/pages\/20128\/revisions\/20169"}],"wp:featuredmedia":[{"embeddable":true,"href":"https:\/\/olivemare.it\/fr\/wp-json\/wp\/v2\/media\/20127"}],"wp:attachment":[{"href":"https:\/\/olivemare.it\/fr\/wp-json\/wp\/v2\/media?parent=20128"}],"curies":[{"name":"wp","href":"https:\/\/api.w.org\/{rel}","templated":true}]}}