{"id":20138,"date":"2025-12-07T10:25:06","date_gmt":"2025-12-07T09:25:06","guid":{"rendered":"https:\/\/olivemare.it\/geschenkgutschein-fuer-die-toskana\/"},"modified":"2025-12-07T10:26:30","modified_gmt":"2025-12-07T09:26:30","slug":"geschenkgutschein-fuer-die-toskana","status":"publish","type":"page","link":"https:\/\/olivemare.it\/de\/geschenkgutschein-fuer-die-toskana\/","title":{"rendered":"Geschenkgutschein f\u00fcr die Toskana"},"content":{"rendered":"\t\t<div data-elementor-type=\"wp-page\" data-elementor-id=\"20138\" class=\"elementor elementor-20138 elementor-20094\" data-elementor-post-type=\"page\">\n\t\t\t\t<div class=\"elementor-element elementor-element-1922230 e-con-full e-flex e-con e-parent\" data-id=\"1922230\" data-element_type=\"container\" data-e-type=\"container\">\n\t\t<div class=\"elementor-element elementor-element-b501c05 e-con-full e-flex e-con e-child\" data-id=\"b501c05\" data-element_type=\"container\" data-e-type=\"container\">\n\t\t\t\t<div class=\"elementor-element elementor-element-8bb86a4 elementor-widget elementor-widget-heading\" data-id=\"8bb86a4\" data-element_type=\"widget\" data-e-type=\"widget\" data-widget_type=\"heading.default\">\n\t\t\t\t<div class=\"elementor-widget-container\">\n\t\t\t\t\t<h1 class=\"elementor-heading-title elementor-size-default\">\ud83c\udf81 Das Perfekte Geschenk: Ein Geschenkgutschein f\u00fcr die Toskana\ud83c\udf81\u200b<\/h1>\t\t\t\t<\/div>\n\t\t\t\t<\/div>\n\t\t\t\t<div class=\"elementor-element elementor-element-528a90d elementor-widget elementor-widget-text-editor\" data-id=\"528a90d\" data-element_type=\"widget\" data-e-type=\"widget\" data-widget_type=\"text-editor.default\">\n\t\t\t\t<div class=\"elementor-widget-container\">\n\t\t\t\t\t\t\t\t\t<p>Suchen Sie noch das perfekte Geschenk? Schenken Sie einen Gutschein f\u00fcr ein unvergesslichen Aufenthalt in unserer Villa Olivemare B&amp;B! <br>Schenken Sie ein Gef\u00fchl, nicht nur einen Gegenstand. Ein Geschenkgutschein f\u00fcr einen Aufenthalt ist die sch\u00f6nste Art, einen geliebten Menschen mit einer Auszeit voller Entspannung, Kunst und Genuss im Herzen der Versilia, in Pietrasanta, zu \u00fcberraschen. <\/p><p>Warum sollten Sie unseren Gutschein w\u00e4hlen?<\/p><ul><li>Das Geschenk des Erlebnisses: Schenken Sie eine echte Auszeit vom Alltag.<\/li><li>Maximale Flexibilit\u00e4t: Der Gutscheinempf\u00e4nger kann das beste Reisedatum selbst w\u00e4hlen.<\/li><li>Garantierter Wert: Schenken Sie einen Aufenthalt in unserer Oase der Ruhe, nur einen Katzensprung von den Str\u00e4nden und den Wunderwelten der Apuanischen Alpen entfernt.<\/li><\/ul>\t\t\t\t\t\t\t\t<\/div>\n\t\t\t\t<\/div>\n\t\t\t\t<div class=\"elementor-element elementor-element-b9e5bf8 elementor-hidden-tablet elementor-hidden-mobile elementor-widget elementor-widget-text-editor\" data-id=\"b9e5bf8\" data-element_type=\"widget\" data-e-type=\"widget\" data-widget_type=\"text-editor.default\">\n\t\t\t\t<div class=\"elementor-widget-container\">\n\t\t\t\t\t\t\t\t\t<p>\u2193 Beispiel unseres Geschenkgutscheins zu sehen \u2193<\/p>\t\t\t\t\t\t\t\t<\/div>\n\t\t\t\t<\/div>\n\t\t<div class=\"elementor-element elementor-element-e5a6907 e-con-full e-flex e-con e-child\" data-id=\"e5a6907\" data-element_type=\"container\" data-e-type=\"container\" data-settings=\"{&quot;background_background&quot;:&quot;classic&quot;}\">\n\t\t\t\t<div class=\"elementor-element elementor-element-2cd54cd elementor-widget elementor-widget-heading\" data-id=\"2cd54cd\" data-element_type=\"widget\" data-e-type=\"widget\" data-widget_type=\"heading.default\">\n\t\t\t\t<div class=\"elementor-widget-container\">\n\t\t\t\t\t<h2 class=\"elementor-heading-title elementor-size-default\">What Our Guests Say\u200b<\/h2>\t\t\t\t<\/div>\n\t\t\t\t<\/div>\n\t\t\t\t<\/div>\n\t\t\t\t<div class=\"elementor-element elementor-element-c51c783 elementor-widget elementor-widget-text-editor\" data-id=\"c51c783\" data-element_type=\"widget\" data-e-type=\"widget\" data-widget_type=\"text-editor.default\">\n\t\t\t\t<div class=\"elementor-widget-container\">\n\t\t\t\t\t\t\t\t\t<p>\u27a1\ufe0f Kontaktieren Sie uns noch heute, um Ihren pers\u00f6nlichen Gutschein zu erstellen!<\/p>\t\t\t\t\t\t\t\t<\/div>\n\t\t\t\t<\/div>\n\t\t\t\t<\/div>\n\t\t\t\t<\/div>\n\t\t\t\t<\/div>\n\t\t","protected":false},"excerpt":{"rendered":"<p>? Das Perfekte Geschenk: Ein Geschenkgutschein f\u00fcr die Toskana?\u200b Suchen Sie noch das perfekte Geschenk? Schenken Sie einen Gutschein f\u00fcr ein unvergesslichen Aufenthalt in unserer Villa Olivemare B&amp;B! Schenken Sie ein Gef\u00fchl, nicht nur einen Gegenstand. Ein Geschenkgutschein f\u00fcr einen Aufenthalt ist die sch\u00f6nste Art, einen geliebten Menschen mit einer Auszeit voller Entspannung, Kunst und [&hellip;]<\/p>\n","protected":false},"author":6,"featured_media":20137,"parent":0,"menu_order":0,"comment_status":"closed","ping_status":"closed","template":"","meta":{"slim_seo":{"title":"Geschenkgutschein f\u00fcr die Toskana - Villa OliveMare","description":"? Das Perfekte Geschenk: Ein Geschenkgutschein f\u00fcr die Toskana?\u200b Suchen Sie noch das perfekte Geschenk? Schenken Sie einen Gutschein f\u00fcr ein unvergesslichen Auf"},"footnotes":""},"class_list":["post-20138","page","type-page","status-publish","has-post-thumbnail","hentry"],"_links":{"self":[{"href":"https:\/\/olivemare.it\/de\/wp-json\/wp\/v2\/pages\/20138","targetHints":{"allow":["GET"]}}],"collection":[{"href":"https:\/\/olivemare.it\/de\/wp-json\/wp\/v2\/pages"}],"about":[{"href":"https:\/\/olivemare.it\/de\/wp-json\/wp\/v2\/types\/page"}],"author":[{"embeddable":true,"href":"https:\/\/olivemare.it\/de\/wp-json\/wp\/v2\/users\/6"}],"replies":[{"embeddable":true,"href":"https:\/\/olivemare.it\/de\/wp-json\/wp\/v2\/comments?post=20138"}],"version-history":[{"count":4,"href":"https:\/\/olivemare.it\/de\/wp-json\/wp\/v2\/pages\/20138\/revisions"}],"predecessor-version":[{"id":20164,"href":"https:\/\/olivemare.it\/de\/wp-json\/wp\/v2\/pages\/20138\/revisions\/20164"}],"wp:featuredmedia":[{"embeddable":true,"href":"https:\/\/olivemare.it\/de\/wp-json\/wp\/v2\/media\/20137"}],"wp:attachment":[{"href":"https:\/\/olivemare.it\/de\/wp-json\/wp\/v2\/media?parent=20138"}],"curies":[{"name":"wp","href":"https:\/\/api.w.org\/{rel}","templated":true}]}}