{"id":17512,"date":"2019-08-20T11:29:12","date_gmt":"2019-08-20T10:29:12","guid":{"rendered":"https:\/\/olivemare.it\/?page_id=17512"},"modified":"2026-01-16T17:34:16","modified_gmt":"2026-01-16T16:34:16","slug":"uber-uns","status":"publish","type":"page","link":"https:\/\/olivemare.it\/de\/uber-uns\/","title":{"rendered":"\u00dcber uns"},"content":{"rendered":"\t\t<div data-elementor-type=\"wp-page\" data-elementor-id=\"17512\" class=\"elementor elementor-17512 elementor-238\" data-elementor-post-type=\"page\">\n\t\t\t\t<div class=\"elementor-element elementor-element-41771a6 e-con-full e-flex e-con e-parent\" data-id=\"41771a6\" data-element_type=\"container\" data-e-type=\"container\">\n\t\t<div class=\"elementor-element elementor-element-db32ccb e-con-full e-flex e-con e-child\" data-id=\"db32ccb\" data-element_type=\"container\" data-e-type=\"container\">\n\t\t\t\t<div class=\"elementor-element elementor-element-8471a3a elementor-widget elementor-widget-html\" data-id=\"8471a3a\" data-element_type=\"widget\" data-e-type=\"widget\" data-widget_type=\"html.default\">\n\t\t\t\t<div class=\"elementor-widget-container\">\n\t\t\t\t\t    <link rel=\"alternate\" hreflang=\"en\" href=\"https:\/\/olivemare.it\/\">  \n    <link rel=\"alternate\" hreflang=\"it\" href=\"https:\/\/olivemare.it\/it\/\">  \n    <link rel=\"alternate\" hreflang=\"de\" href=\"https:\/\/olivemare.it\/de\/\">  \n    <link rel=\"alternate\" hreflang=\"fr\" href=\"https:\/\/olivemare.it\/fr\/\">\n\t\t\t\t<\/div>\n\t\t\t\t<\/div>\n\t\t\t\t<div class=\"elementor-element elementor-element-9738ae1 elementor-widget elementor-widget-heading\" data-id=\"9738ae1\" data-element_type=\"widget\" data-e-type=\"widget\" data-widget_type=\"heading.default\">\n\t\t\t\t<div class=\"elementor-widget-container\">\n\t\t\t\t\t<h1 class=\"elementor-heading-title elementor-size-default\">Treffen Sie Ihre Gastgeber:<br>Cathy &amp; Marco<\/h1>\t\t\t\t<\/div>\n\t\t\t\t<\/div>\n\t\t\t\t<div class=\"elementor-element elementor-element-26e38ed elementor-widget elementor-widget-text-editor\" data-id=\"26e38ed\" data-element_type=\"widget\" data-e-type=\"widget\" data-widget_type=\"text-editor.default\">\n\t\t\t\t<div class=\"elementor-widget-container\">\n\t\t\t\t\t\t\t\t\t<p>Ende 2019 nahm das Leben von Cathy und Marco eine aufregende Wendung. Nach \u00fcber 50 Jahren in Luxemburg beschlossen sie, ein neues Abenteuer zu wagen: die Er\u00f6ffnung eines <a href=\"https:\/\/olivemare.it\/de\/\">Bed &amp; Breakfast in der Toskana,<\/a> Italien.<br>Ihre beruflichen Wege f\u00fchrten zun\u00e4chst vielleicht nicht in die Hotellerie \u2013 Marco, ein IT-Enthusiast, und Cathy, deren Kindheitstraum vom Hotel eine andere berufliche Wendung nahm \u2013 aber gemeinsam beschlossen sie, dieses Herzensprojekt zu verfolgen.<br>Doch leider wurde das Projekt durch die Covid-Krise f\u00fcr lange Zeit gestoppt\u2026 aber jetzt, einige Jahre sp\u00e4ter, k\u00f6nnen sie mit Freude sagen, dass ihr Bed &amp; Breakfast \u201eVilla Olivemare B&amp;B\u201c in Pietrasanta im Jahr 2024 endlich seine Pforten ge\u00f6ffnet hat.  <\/p>\t\t\t\t\t\t\t\t<\/div>\n\t\t\t\t<\/div>\n\t\t\t\t<\/div>\n\t\t<div class=\"elementor-element elementor-element-d3e6be0 e-con-full e-flex e-con e-child\" data-id=\"d3e6be0\" data-element_type=\"container\" data-e-type=\"container\">\n\t\t\t\t<div class=\"elementor-element elementor-element-a407716 elementor-widget elementor-widget-heading\" data-id=\"a407716\" data-element_type=\"widget\" data-e-type=\"widget\" data-widget_type=\"heading.default\">\n\t\t\t\t<div class=\"elementor-widget-container\">\n\t\t\t\t\t<h2 class=\"elementor-heading-title elementor-size-default\">Warum die Toskana? Warum Pietrasanta? Warum diese Villa?    <\/h2>\t\t\t\t<\/div>\n\t\t\t\t<\/div>\n\t\t\t\t<div class=\"elementor-element elementor-element-98a119d elementor-widget elementor-widget-text-editor\" data-id=\"98a119d\" data-element_type=\"widget\" data-e-type=\"widget\" data-widget_type=\"text-editor.default\">\n\t\t\t\t<div class=\"elementor-widget-container\">\n\t\t\t\t\t\t\t\t\t<p><span style=\"font-weight: 400;\">F\u00fcr Marco, als Italiener und Cathy die von der Sch\u00f6nheit Italiens immer fasziniert war, war die Toskana aufgrund der atemberaubenden Landschaften, der sch\u00f6nen K\u00fcsten, der reichen Kultur und nat\u00fcrlich des k\u00f6stlichen Essens eine nat\u00fcrliche Wahl.&nbsp;&nbsp;<\/span><\/p>\n<p><a href=\"https:\/\/olivemare.it\/de\/ihr-tor-zum-besten-der-toskana-von-straenden-bis-zu-historischen-staedten\/\"><span style=\"font-weight: 400;\"> Ein k\u00fcnstlerischer und ruhiger R\u00fcckzugsort in der Toskana&nbsp;<\/span><\/a><\/p>\n<p><span style=\"font-weight: 400;\">In der Toskana war Pietrasanta ihre Wahl. Im Herzen der Versilia in der N\u00e4he von Lucca gelegen, ist Pietrasanta eine bezaubernde Kunststadt mit mittelalterlichem Ursprung. Sie ist ein Zentrum von internationalem Interesse f\u00fcr Kunst und Skulpturen aus Marmor und Bronze. Mit seinen Restaurants, Kunstgalerien, lokalen Attraktionen, milden Wintern und der N\u00e4he sowohl zum Tyrrhenischen Meer als auch zu den Apuanischen Alpen war es der perfekte Ort.   &nbsp;&nbsp;<\/span><\/p>\n<p><span style=\"font-size: 1rem; letter-spacing: 0.3px;\">Hier verliebten sie sich in eine moderne Villa auf einem H\u00fcgel, umgeben von Olivenhainen, mit einem atemberaubenden Meerblick und nur 500 m vom historischen Zentrum von Pietrasanta entfernt. Die Villa wurde komplett renoviert und bis ins kleinste Detail so eingerichtet, dass sie die Pers\u00f6nlichkeiten von Cathy und Marco widerspiegelt. <\/span><span style=\"font-size: 1rem; letter-spacing: 0.3px;\">Es ist ihr Zuhause, ein Ort, den sie mit G\u00e4sten teilen, die einen herzlichen und authentischen Aufenthalt suchen.<\/span><\/p>\n<p><\/p>\t\t\t\t\t\t\t\t<\/div>\n\t\t\t\t<\/div>\n\t\t\t\t<\/div>\n\t\t<div class=\"elementor-element elementor-element-cc6a529 e-con-full e-flex e-con e-child\" data-id=\"cc6a529\" data-element_type=\"container\" data-e-type=\"container\">\n\t\t\t\t<div class=\"elementor-element elementor-element-14d94a5 elementor-widget elementor-widget-heading\" data-id=\"14d94a5\" data-element_type=\"widget\" data-e-type=\"widget\" data-widget_type=\"heading.default\">\n\t\t\t\t<div class=\"elementor-widget-container\">\n\t\t\t\t\t<h2 class=\"elementor-heading-title elementor-size-default\">Ihr toskanisches Highlight: Ein luxuri\u00f6ser R\u00fcckzugsort <\/h2>\t\t\t\t<\/div>\n\t\t\t\t<\/div>\n\t\t\t\t<div class=\"elementor-element elementor-element-6dfb3f6 elementor-widget elementor-widget-text-editor\" data-id=\"6dfb3f6\" data-element_type=\"widget\" data-e-type=\"widget\" data-widget_type=\"text-editor.default\">\n\t\t\t\t<div class=\"elementor-widget-container\">\n\t\t\t\t\t\t\t\t\t<p><span style=\"font-weight: 400;\">Villa Olivemare B&amp;B ist eine neu renovierte Villa, die einen friedlichen Ort inmitten von Olivenhainen und mit Panoramablick auf das Meer bietet. Sie ist die perfekte Wahl f\u00fcr alle, die Ruhe suchen.   <\/span><\/p><p><span style=\"font-weight: 400;\">  <\/span><span style=\"font-size: 1rem; letter-spacing: 0.3px;\">Das B&amp;B liegt nur 500 Meter von der Piazza Duomo in Pietrasanta entfernt, wo sich Restaurants, Kunstgalerien und lokale Sehensw\u00fcrdigkeiten befinden. <\/span><\/p><p><span style=\"font-size: 1rem; letter-spacing: 0.3px;\">Es ist au\u00dferdem der ideale Ausgangspunkt, um nahegelegene Orte wie Florenz, Lucca, Siena, Pisa, Viareggio, Forte dei Marmi, die Marmorh\u00f6hlen von Carrara, Bolgheri, Cinque Terre und viele weitere charmante St\u00e4dte sowie die wundersch\u00f6nen Str\u00e4nde des Tyrrhenischen Meeres und der Apuanischen Alpen zu erkunden.<\/span><\/p>\t\t\t\t\t\t\t\t<\/div>\n\t\t\t\t<\/div>\n\t\t\t\t<\/div>\n\t\t<div class=\"elementor-element elementor-element-55360ad e-con-full e-flex e-con e-child\" data-id=\"55360ad\" data-element_type=\"container\" data-e-type=\"container\">\n\t\t\t\t<div class=\"elementor-element elementor-element-5f8a512 elementor-widget elementor-widget-heading\" data-id=\"5f8a512\" data-element_type=\"widget\" data-e-type=\"widget\" data-widget_type=\"heading.default\">\n\t\t\t\t<div class=\"elementor-widget-container\">\n\t\t\t\t\t<h2 class=\"elementor-heading-title elementor-size-default\">Erfahrungen mit der Villa Olivemare B&amp;B  <\/h2>\t\t\t\t<\/div>\n\t\t\t\t<\/div>\n\t\t\t\t<div class=\"elementor-element elementor-element-eb9e23c elementor-widget elementor-widget-text-editor\" data-id=\"eb9e23c\" data-element_type=\"widget\" data-e-type=\"widget\" data-widget_type=\"text-editor.default\">\n\t\t\t\t<div class=\"elementor-widget-container\">\n\t\t\t\t\t\t\t\t\t<p><span style=\"font-weight: 400;\">Das B&amp;B Villa Olivemare bietet Ihnen alles f\u00fcr einen perfekten Urlaub: private Parkpl\u00e4tze, kostenlosen Fahrradverleih, einen Au\u00dfenpool, mehrsprachiges Personal, luxuri\u00f6se Zimmer mit eigenem Bad, elegante, moderne M\u00f6bel und hochwertige Materialien. Jedes Detail wurde sorgf\u00e4ltig durchdacht, um Ihnen Komfort und Entspannung zu garantieren. &nbsp;<br><\/span><\/p>\t\t\t\t\t\t\t\t<\/div>\n\t\t\t\t<\/div>\n\t\t\t\t<\/div>\n\t\t<div class=\"elementor-element elementor-element-1210717 e-con-full e-flex e-con e-child\" data-id=\"1210717\" data-element_type=\"container\" data-e-type=\"container\">\n\t\t\t\t<div class=\"elementor-element elementor-element-85c83ca elementor-widget elementor-widget-heading\" data-id=\"85c83ca\" data-element_type=\"widget\" data-e-type=\"widget\" data-widget_type=\"heading.default\">\n\t\t\t\t<div class=\"elementor-widget-container\">\n\t\t\t\t\t<h2 class=\"elementor-heading-title elementor-size-default\">Mehr als nur ein Ort zum \u00dcbernachten  <\/h2>\t\t\t\t<\/div>\n\t\t\t\t<\/div>\n\t\t\t\t<div class=\"elementor-element elementor-element-f34cfac elementor-widget elementor-widget-text-editor\" data-id=\"f34cfac\" data-element_type=\"widget\" data-e-type=\"widget\" data-widget_type=\"text-editor.default\">\n\t\t\t\t<div class=\"elementor-widget-container\">\n\t\t\t\t\t\t\t\t\t<p><span style=\"font-weight: 400;\">In der Villa Olivemare B&amp;B hei\u00dfen Cathy und Marco jeden Gast herzlich willkommen und sorgen f\u00fcr einen pers\u00f6nlichen und unvergesslichen Aufenthalt. Ihre Leidenschaft f\u00fcr Gastfreundschaft und ihre fundierte Ortskenntnisse garantieren, dass sich jeder Gast wie zu Hause f\u00fchlt.  <\/span><\/p>\t\t\t\t\t\t\t\t<\/div>\n\t\t\t\t<\/div>\n\t\t\t\t<\/div>\n\t\t<div class=\"elementor-element elementor-element-7f32bb0 e-con-full e-flex e-con e-child\" data-id=\"7f32bb0\" data-element_type=\"container\" data-e-type=\"container\">\n\t\t\t\t<div class=\"elementor-element elementor-element-f844628 elementor-widget elementor-widget-heading\" data-id=\"f844628\" data-element_type=\"widget\" data-e-type=\"widget\" data-widget_type=\"heading.default\">\n\t\t\t\t<div class=\"elementor-widget-container\">\n\t\t\t\t\t<h2 class=\"elementor-heading-title elementor-size-default\">Lassen Sie sich kulinarisch verw\u00f6hnen  <\/h2>\t\t\t\t<\/div>\n\t\t\t\t<\/div>\n\t\t\t\t<div class=\"elementor-element elementor-element-6edbf7d elementor-widget elementor-widget-text-editor\" data-id=\"6edbf7d\" data-element_type=\"widget\" data-e-type=\"widget\" data-widget_type=\"text-editor.default\">\n\t\t\t\t<div class=\"elementor-widget-container\">\n\t\t\t\t\t\t\t\t\t<p><span style=\"font-weight: 400;\">Jeden Morgen bereiten Cathy und Marco f\u00fcr Sie ein au\u00dfergew\u00f6hnliches kontinentales Fr\u00fchst\u00fcck \u00e0 la carte zu, das Sie auf der Terrasse in der N\u00e4he des Swimmingpools inmitten von Olivenhainen und mit Meerblick genie\u00dfen k\u00f6nnen. <\/span><\/p>\t\t\t\t\t\t\t\t<\/div>\n\t\t\t\t<\/div>\n\t\t\t\t<\/div>\n\t\t<div class=\"elementor-element elementor-element-7bcc0f0 e-con-full e-flex e-con e-child\" data-id=\"7bcc0f0\" data-element_type=\"container\" data-e-type=\"container\">\n\t\t\t\t<div class=\"elementor-element elementor-element-a70ec5a elementor-widget elementor-widget-heading\" data-id=\"a70ec5a\" data-element_type=\"widget\" data-e-type=\"widget\" data-widget_type=\"heading.default\">\n\t\t\t\t<div class=\"elementor-widget-container\">\n\t\t\t\t\t<h2 class=\"elementor-heading-title elementor-size-default\">Lassen Sie sich in Ihrer Sprache begr\u00fc\u00dfen  <\/h2>\t\t\t\t<\/div>\n\t\t\t\t<\/div>\n\t\t\t\t<div class=\"elementor-element elementor-element-6847436 elementor-widget elementor-widget-text-editor\" data-id=\"6847436\" data-element_type=\"widget\" data-e-type=\"widget\" data-widget_type=\"text-editor.default\">\n\t\t\t\t<div class=\"elementor-widget-container\">\n\t\t\t\t\t\t\t\t\t<p><span style=\"font-weight: 400;\">Beide, Marco und Cathy, begr\u00fc\u00dfen ihre G\u00e4ste auf Italienisch, Luxemburgisch, Deutsch, Franz\u00f6sisch oder Englisch.  <\/span><\/p>\t\t\t\t\t\t\t\t<\/div>\n\t\t\t\t<\/div>\n\t\t\t\t<\/div>\n\t\t<div class=\"elementor-element elementor-element-a74029d e-con-full e-flex e-con e-child\" data-id=\"a74029d\" data-element_type=\"container\" data-e-type=\"container\">\n\t\t\t\t<div class=\"elementor-element elementor-element-81f573b elementor-widget elementor-widget-heading\" data-id=\"81f573b\" data-element_type=\"widget\" data-e-type=\"widget\" data-widget_type=\"heading.default\">\n\t\t\t\t<div class=\"elementor-widget-container\">\n\t\t\t\t\t<h2 class=\"elementor-heading-title elementor-size-default\">Swimming Pool <\/h2>\t\t\t\t<\/div>\n\t\t\t\t<\/div>\n\t\t\t\t<div class=\"elementor-element elementor-element-64e7bc8 elementor-widget elementor-widget-text-editor\" data-id=\"64e7bc8\" data-element_type=\"widget\" data-e-type=\"widget\" data-widget_type=\"text-editor.default\">\n\t\t\t\t<div class=\"elementor-widget-container\">\n\t\t\t\t\t\t\t\t\t<p><span style=\"font-weight: 400;\">In der Villa Olivemare B&amp;B steht ab dem ersten Quartal 2025 ein Au\u00dfenpool zur Verf\u00fcgung. <\/span><\/p>\t\t\t\t\t\t\t\t<\/div>\n\t\t\t\t<\/div>\n\t\t\t\t<\/div>\n\t\t<div class=\"elementor-element elementor-element-64eb94f e-con-full e-flex e-con e-child\" data-id=\"64eb94f\" data-element_type=\"container\" data-e-type=\"container\">\n\t\t\t\t<div class=\"elementor-element elementor-element-ff8b2ae elementor-widget elementor-widget-heading\" data-id=\"ff8b2ae\" data-element_type=\"widget\" data-e-type=\"widget\" data-widget_type=\"heading.default\">\n\t\t\t\t<div class=\"elementor-widget-container\">\n\t\t\t\t\t<h2 class=\"elementor-heading-title elementor-size-default\">Unvergessliche Erinnerungen warten auf Sie  <\/h2>\t\t\t\t<\/div>\n\t\t\t\t<\/div>\n\t\t\t\t<div class=\"elementor-element elementor-element-d6e6289 elementor-widget elementor-widget-text-editor\" data-id=\"d6e6289\" data-element_type=\"widget\" data-e-type=\"widget\" data-widget_type=\"text-editor.default\">\n\t\t\t\t<div class=\"elementor-widget-container\">\n\t\t\t\t\t\t\t\t\t<p><span style=\"font-weight: 400;\">Villa Olivemare B&amp;B erreichte eine Bewertung von 9.9\/10 auf Booking.com und 5 Sterne auf Google, f\u00fcr die erste Saison 2024.  <\/span><\/p><p><span style=\"font-weight: 400;\"><a href=\"https:\/\/olivemare.it\/romantic-getaways-pietrasanta-accomodation\/\">Buchen Sie<\/a> noch heute Ihren Aufenthalt in der Villa Olivemare B&amp;B!  <\/span><\/p>\t\t\t\t\t\t\t\t<\/div>\n\t\t\t\t<\/div>\n\t\t\t\t<\/div>\n\t\t\t\t<\/div>\n\t\t\t\t<\/div>\n\t\t","protected":false},"excerpt":{"rendered":"<p>Entfliehen Sie in die Toskana: Ihr entspannender Aufenthalt im G\u00e4stehaus.<\/p>\n","protected":false},"author":6,"featured_media":10468,"parent":0,"menu_order":0,"comment_status":"closed","ping_status":"closed","template":"","meta":{"slim_seo":{"title":"\u00dcber uns - Villa OliveMare","description":"Entfliehen Sie in die Toskana: Ihr entspannender Aufenthalt im G\u00e4stehaus."},"footnotes":""},"class_list":["post-17512","page","type-page","status-publish","has-post-thumbnail","hentry"],"_links":{"self":[{"href":"https:\/\/olivemare.it\/de\/wp-json\/wp\/v2\/pages\/17512","targetHints":{"allow":["GET"]}}],"collection":[{"href":"https:\/\/olivemare.it\/de\/wp-json\/wp\/v2\/pages"}],"about":[{"href":"https:\/\/olivemare.it\/de\/wp-json\/wp\/v2\/types\/page"}],"author":[{"embeddable":true,"href":"https:\/\/olivemare.it\/de\/wp-json\/wp\/v2\/users\/6"}],"replies":[{"embeddable":true,"href":"https:\/\/olivemare.it\/de\/wp-json\/wp\/v2\/comments?post=17512"}],"version-history":[{"count":3,"href":"https:\/\/olivemare.it\/de\/wp-json\/wp\/v2\/pages\/17512\/revisions"}],"predecessor-version":[{"id":20790,"href":"https:\/\/olivemare.it\/de\/wp-json\/wp\/v2\/pages\/17512\/revisions\/20790"}],"wp:featuredmedia":[{"embeddable":true,"href":"https:\/\/olivemare.it\/de\/wp-json\/wp\/v2\/media\/10468"}],"wp:attachment":[{"href":"https:\/\/olivemare.it\/de\/wp-json\/wp\/v2\/media?parent=17512"}],"curies":[{"name":"wp","href":"https:\/\/api.w.org\/{rel}","templated":true}]}}