{"id":12165,"date":"2019-09-17T11:28:45","date_gmt":"2019-09-17T09:28:45","guid":{"rendered":"https:\/\/olivemare.it\/dienstleistungen\/"},"modified":"2026-04-20T09:18:22","modified_gmt":"2026-04-20T07:18:22","slug":"dienstleistungen","status":"publish","type":"page","link":"https:\/\/olivemare.it\/de\/dienstleistungen\/","title":{"rendered":"Amenities Villa Olivemare B&amp;B"},"content":{"rendered":"\t\t<div data-elementor-type=\"wp-page\" data-elementor-id=\"12165\" class=\"elementor elementor-12165 elementor-554\" data-elementor-post-type=\"page\">\n\t\t\t\t<div class=\"elementor-element elementor-element-b84e8a5 e-con-full e-flex e-con e-parent\" data-id=\"b84e8a5\" data-element_type=\"container\" data-e-type=\"container\" data-settings=\"{&quot;background_background&quot;:&quot;classic&quot;}\">\n\t\t\t\t<\/div>\n\t\t<div class=\"elementor-element elementor-element-33a1731 e-flex e-con-boxed e-con e-parent\" data-id=\"33a1731\" data-element_type=\"container\" data-e-type=\"container\">\n\t\t\t\t\t<div class=\"e-con-inner\">\n\t\t\t\t<div class=\"elementor-element elementor-element-b0c2bc7 elementor-widget elementor-widget-heading\" data-id=\"b0c2bc7\" data-element_type=\"widget\" data-e-type=\"widget\" data-widget_type=\"heading.default\">\n\t\t\t\t<div class=\"elementor-widget-container\">\n\t\t\t\t\t<h1 class=\"elementor-heading-title elementor-size-default\">Ausstattung<\/h1>\t\t\t\t<\/div>\n\t\t\t\t<\/div>\n\t\t\t\t\t<\/div>\n\t\t\t\t<\/div>\n\t\t<div class=\"elementor-element elementor-element-cd77551 e-con-full e-flex e-con e-parent\" data-id=\"cd77551\" data-element_type=\"container\" data-e-type=\"container\">\n\t\t<div class=\"elementor-element elementor-element-2f0e72e e-con-full e-flex e-con e-child\" data-id=\"2f0e72e\" data-element_type=\"container\" data-e-type=\"container\">\n\t\t<div class=\"elementor-element elementor-element-08d5550 e-flex e-con-boxed e-con e-child\" data-id=\"08d5550\" data-element_type=\"container\" data-e-type=\"container\">\n\t\t\t\t\t<div class=\"e-con-inner\">\n\t\t<div class=\"elementor-element elementor-element-19a3057 e-con-full e-flex e-con e-child\" data-id=\"19a3057\" data-element_type=\"container\" data-e-type=\"container\">\n\t\t\t\t<div class=\"elementor-element elementor-element-f8ce739 elementor-widget__width-inherit elementor-view-default elementor-position-block-start elementor-mobile-position-block-start elementor-widget elementor-widget-icon-box\" data-id=\"f8ce739\" data-element_type=\"widget\" data-e-type=\"widget\" data-widget_type=\"icon-box.default\">\n\t\t\t\t<div class=\"elementor-widget-container\">\n\t\t\t\t\t\t\t<div class=\"elementor-icon-box-wrapper\">\n\n\t\t\t\t\t\t<div class=\"elementor-icon-box-icon\">\n\t\t\t\t<span  class=\"elementor-icon\">\n\t\t\t\t<svg aria-hidden=\"true\" class=\"e-font-icon-svg e-fas-swimming-pool\" viewBox=\"0 0 640 512\" xmlns=\"http:\/\/www.w3.org\/2000\/svg\"><path d=\"M624 416h-16c-26.04 0-45.8-8.42-56.09-17.9-8.9-8.21-19.66-14.1-31.77-14.1h-16.3c-12.11 0-22.87 5.89-31.77 14.1C461.8 407.58 442.04 416 416 416s-45.8-8.42-56.09-17.9c-8.9-8.21-19.66-14.1-31.77-14.1h-16.3c-12.11 0-22.87 5.89-31.77 14.1C269.8 407.58 250.04 416 224 416s-45.8-8.42-56.09-17.9c-8.9-8.21-19.66-14.1-31.77-14.1h-16.3c-12.11 0-22.87 5.89-31.77 14.1C77.8 407.58 58.04 416 32 416H16c-8.84 0-16 7.16-16 16v32c0 8.84 7.16 16 16 16h16c38.62 0 72.72-12.19 96-31.84 23.28 19.66 57.38 31.84 96 31.84s72.72-12.19 96-31.84c23.28 19.66 57.38 31.84 96 31.84s72.72-12.19 96-31.84c23.28 19.66 57.38 31.84 96 31.84h16c8.84 0 16-7.16 16-16v-32c0-8.84-7.16-16-16-16zm-400-32v-96h192v96c19.12 0 30.86-6.16 34.39-9.42 9.17-8.46 19.2-14.34 29.61-18.07V128c0-17.64 14.36-32 32-32s32 14.36 32 32v16c0 8.84 7.16 16 16 16h32c8.84 0 16-7.16 16-16v-16c0-52.94-43.06-96-96-96s-96 43.06-96 96v96H224v-96c0-17.64 14.36-32 32-32s32 14.36 32 32v16c0 8.84 7.16 16 16 16h32c8.84 0 16-7.16 16-16v-16c0-52.94-43.06-96-96-96s-96 43.06-96 96v228.5c10.41 3.73 20.44 9.62 29.61 18.07 3.53 3.27 15.27 9.43 34.39 9.43z\"><\/path><\/svg>\t\t\t\t<\/span>\n\t\t\t<\/div>\n\t\t\t\n\t\t\t\t\t\t<div class=\"elementor-icon-box-content\">\n\n\t\t\t\t\t\t\t\t\t<h3 class=\"elementor-icon-box-title\">\n\t\t\t\t\t\t<span  >\n\t\t\t\t\t\t\tSTR\u00c4NDE\t\t\t\t\t\t<\/span>\n\t\t\t\t\t<\/h3>\n\t\t\t\t\n\t\t\t\t\t\t\t\t\t<p class=\"elementor-icon-box-description\">\n\t\t\t\t\t\tEine funkelnde Oase erwartet Sie\n Im Villa Olivemare B&amp;B steht ab dem ersten Quartal 2025 ein Au\u00dfenpool zur Verf\u00fcgung.\t\t\t\t\t<\/p>\n\t\t\t\t\n\t\t\t<\/div>\n\t\t\t\n\t\t<\/div>\n\t\t\t\t\t\t<\/div>\n\t\t\t\t<\/div>\n\t\t\t\t<\/div>\n\t\t<div class=\"elementor-element elementor-element-5d43ace e-con-full e-flex e-con e-child\" data-id=\"5d43ace\" data-element_type=\"container\" data-e-type=\"container\">\n\t\t\t\t<div class=\"elementor-element elementor-element-95a349a elementor-widget__width-initial elementor-widget elementor-widget-gallery\" data-id=\"95a349a\" data-element_type=\"widget\" data-e-type=\"widget\" data-settings=\"{&quot;columns&quot;:2,&quot;aspect_ratio&quot;:&quot;4:3&quot;,&quot;lazyload&quot;:&quot;yes&quot;,&quot;gallery_layout&quot;:&quot;grid&quot;,&quot;columns_tablet&quot;:2,&quot;columns_mobile&quot;:1,&quot;gap&quot;:{&quot;unit&quot;:&quot;px&quot;,&quot;size&quot;:10,&quot;sizes&quot;:[]},&quot;gap_laptop&quot;:{&quot;unit&quot;:&quot;px&quot;,&quot;size&quot;:10,&quot;sizes&quot;:[]},&quot;gap_tablet_extra&quot;:{&quot;unit&quot;:&quot;px&quot;,&quot;size&quot;:10,&quot;sizes&quot;:[]},&quot;gap_tablet&quot;:{&quot;unit&quot;:&quot;px&quot;,&quot;size&quot;:10,&quot;sizes&quot;:[]},&quot;gap_mobile&quot;:{&quot;unit&quot;:&quot;px&quot;,&quot;size&quot;:10,&quot;sizes&quot;:[]}}\" data-widget_type=\"gallery.default\">\n\t\t\t\t<div class=\"elementor-widget-container\">\n\t\t\t\t\t\t\t<div class=\"elementor-gallery__container\">\n\t\t\t\t\t\t\t<div class=\"e-gallery-item elementor-gallery-item\">\n\t\t\t\t\t<div class=\"e-gallery-image elementor-gallery-item__image\" data-thumbnail=\"https:\/\/olivemare.it\/wp-content\/uploads\/Villa-Olivemare-BnB-Pietrasanta-Pool-View8.webp\" data-width=\"576\" data-height=\"298\" aria-label=\"Villa Olivemare BnB Pietrasanta Poolblick\" role=\"img\" ><\/div>\n\t\t\t\t\t\t\t\t\t\t\t\t\t\t<\/div>\n\t\t\t\t\t\t\t<div class=\"e-gallery-item elementor-gallery-item\">\n\t\t\t\t\t<div class=\"e-gallery-image elementor-gallery-item__image\" data-thumbnail=\"https:\/\/olivemare.it\/wp-content\/uploads\/Villa-Olivemare-BnB-Pietrasanta-Pool-View5.webp\" data-width=\"470\" data-height=\"1018\" aria-label=\"Villa Olivemare BnB Pietrasanta Poolblick\" role=\"img\" ><\/div>\n\t\t\t\t\t\t\t\t\t\t\t\t\t\t<\/div>\n\t\t\t\t\t<\/div>\n\t\t\t\t\t<\/div>\n\t\t\t\t<\/div>\n\t\t\t\t<\/div>\n\t\t\t\t\t<\/div>\n\t\t\t\t<\/div>\n\t\t\t\t<\/div>\n\t\t<div class=\"elementor-element elementor-element-0d70314 e-con-full e-flex e-con e-child\" data-id=\"0d70314\" data-element_type=\"container\" data-e-type=\"container\">\n\t\t\t\t<div class=\"elementor-element elementor-element-3aa8bb0 elementor-widget elementor-widget-heading\" data-id=\"3aa8bb0\" data-element_type=\"widget\" data-e-type=\"widget\" data-widget_type=\"heading.default\">\n\t\t\t\t<div class=\"elementor-widget-container\">\n\t\t\t\t\t<h1 class=\"elementor-heading-title elementor-size-default\">Villa Olivemare: Exklusive Ausstattung &amp; toskanischer Luxus<\/h1>\t\t\t\t<\/div>\n\t\t\t\t<\/div>\n\t\t\t\t<div class=\"elementor-element elementor-element-7da85bd elementor-widget elementor-widget-text-editor\" data-id=\"7da85bd\" data-element_type=\"widget\" data-e-type=\"widget\" data-widget_type=\"text-editor.default\">\n\t\t\t\t<div class=\"elementor-widget-container\">\n\t\t\t\t\t\t\t\t\t<p>W\u00e4hrend viele G\u00e4ste in Pietrasanta oder Tonfano ein gro\u00dfes Hotel suchen, bietet die Villa Olivemare ein intimeres Boutique-Erlebnis. Wir vereinen den professionellen Service eines Luxushotels mit dem ruhigen, individuellen Charme einer privaten Villa. Nur 500 m vom historischen Zentrum und wenige Minuten von der Versilia-K\u00fcste entfernt, bieten wir Ihnen exklusive Annehmlichkeiten f\u00fcr Erwachsene, die einen ruhigen und luxuri\u00f6sen R\u00fcckzugsort suchen.  <\/p><p>\u00dcbernachten Sie in unserer Fr\u00fchst\u00fcckspension in Pietrasanta, umgeben von Olivenb\u00e4umen mit herrlichem Meerblick. Genie\u00dfen Sie luxuri\u00f6se Zimmer, einen privaten Parkplatz und eine ruhige Lage in der N\u00e4he des historischen Zentrums und der Str\u00e4nde der Toskana. <\/p><p>Das mehrsprachige Personal und die friedliche Atmosph\u00e4re machen es zu einem idealen Ort f\u00fcr Ihren n\u00e4chsten Urlaub. Buchen Sie jetzt f\u00fcr einen entspannten, unvergesslichen Aufenthalt! <\/p>\t\t\t\t\t\t\t\t<\/div>\n\t\t\t\t<\/div>\n\t\t\t\t<div class=\"elementor-element elementor-element-7c7ac38 elementor-widget elementor-widget-text-editor\" data-id=\"7c7ac38\" data-element_type=\"widget\" data-e-type=\"widget\" data-widget_type=\"text-editor.default\">\n\t\t\t\t<div class=\"elementor-widget-container\">\n\t\t\t\t\t\t\t\t\t<p>Entdecken Sie unser Ausstattung<\/p>\t\t\t\t\t\t\t\t<\/div>\n\t\t\t\t<\/div>\n\t\t<div class=\"elementor-element elementor-element-f6c69d8 e-con-full e-flex e-con e-child\" data-id=\"f6c69d8\" data-element_type=\"container\" data-e-type=\"container\">\n\t\t\t\t<div class=\"elementor-element elementor-element-1618e7d elementor-widget__width-initial elementor-widget elementor-widget-text-editor\" data-id=\"1618e7d\" data-element_type=\"widget\" data-e-type=\"widget\" data-widget_type=\"text-editor.default\">\n\t\t\t\t<div class=\"elementor-widget-container\">\n\t\t\t\t\t\t\t\t\t<ul><li>Neu ab 2025: Au\u00dfenpool mit Meerblick.<\/li><li>Sonnenterrasse: Ausgestattet mit bequemen Sonnenliegen f\u00fcr vollkommene Entspannung.<\/li><li>Garten &amp; Aussicht: Panoramablick auf Meer und Garten von unserem ruhigen Hang aus.<\/li><li>Nur f\u00fcr Erwachsene: Eine ruhige Umgebung f\u00fcr G\u00e4ste ab 14 Jahren.<\/li><li>Klima: Klimaanlage, Heizung und elektrische Rolll\u00e4den f\u00fcr einen erholsamen Schlaf.<\/li><li>Luxuri\u00f6se Ausstattung: Parkettb\u00f6den, hochwertige Bettw\u00e4sche, Badem\u00e4ntel und Hausschuhe.<\/li><li>Erfrischungen: Minibar mit kostenlosen Tee- und Kaffeepads sowie einem Wasserkocher.<\/li><li>Konnektivit\u00e4t: Kostenloses Highspeed-Starlink-WLAN und Flachbildfernseher.<\/li><li>Anreise: Kostenlose Privatparkpl\u00e4tze vor Ort (keine Reservierung erforderlich) und barrierefreie Parkpl\u00e4tze.<\/li><li>Lokale Mobilit\u00e4t: Kostenloser Fahrradverleih und Shuttle-Service zum\/vom Bahnhof Pietrasanta.<\/li><li>Gastfreundschaft: T\u00e4gliche Zimmerreinigung, Gep\u00e4ckaufbewahrung und mehrsprachiges Personal (DE, EN, FR, IT, LU).<\/li><\/ul><p><strong>Eigenes Badezimmer<\/strong><br>Toilettenpapier<br>Handt\u00fccher<br>Bidet<br>Dusche<br>Toilette<br>Kostenlose Pflegeprodukte<br>Bademantel<br>Hausschuhe<br>Haartrockner<\/p><p><strong>Schlafzimmer<\/strong><br>Bettw\u00e4sche<br>Kleiderschrank<br>Gep\u00e4ckaufbewahrung<br>Schreibtisch<br>Wasserkocher<br>Minibar<br>Kostenlose Tee- und Kaffeepads<\/p><p><strong>Aussicht<\/strong><br>Meerblick <br>Gartenblick<\/p><p><strong>Aussenbereich<\/strong><br>Gartenm\u00f6bel<br>Sonnenterrasse<br>Terrasse<br>Garten<\/p><p><strong>Aktivit\u00e4ten<\/strong><br>Kostenloser Fahrradverleih<\/p>\t\t\t\t\t\t\t\t<\/div>\n\t\t\t\t<\/div>\n\t\t\t\t<div class=\"elementor-element elementor-element-de5ee35 elementor-widget__width-initial elementor-widget elementor-widget-text-editor\" data-id=\"de5ee35\" data-element_type=\"widget\" data-e-type=\"widget\" data-widget_type=\"text-editor.default\">\n\t\t\t\t<div class=\"elementor-widget-container\">\n\t\t\t\t\t\t\t\t\t<p><strong>Wohnbereich<br><\/strong>Sitzbereich<\/p>\n<p><strong>Medien &amp; Technik<\/strong><br>Flachbildfernseher<br>Kostenloses High Speed WIFI in allen Bereichen verf\u00fcgbar<\/p>\n<p><strong>Parken<\/strong><br>Private Parkpl\u00e4tze stehen kostenfrei vor Ort zur Verf\u00fcgng (Reservierung ist nicht erforderlich).<\/p>\n<p><strong>Dienstleistungen<\/strong><br>T\u00e4gliche Reinigung<br>Gemeinsamer Aufenthaltsbereich<br>Gep\u00e4ckaufbewahrung<br>Rechnungsaustellung<\/p>\n<p><strong>Sicherheit<\/strong><br>Feuerl\u00f6scher<\/p>\n<p><strong>Allgemein<\/strong><br>Nur f\u00fcr Erwachsene (Kinder +14) &amp; Haustiere nicht erlaubt<br>Klimaanlage<br>Elektrische Rolll\u00e4den<br>Moskitonetz<br>Hartholz- oder Parkettb\u00f6den<br>Heizung<br>Nichtraucherzimmer<br>Shuttle-Service zum\/vom Bahnhof Pietrasanta<\/p>\n<p><strong>Zug\u00e4nglichkeit<\/strong><br>Die gesamte Einheit befindet sich im Erdgeschoss<\/p>\n<p><strong>Wellness<\/strong><br>Sonnenliegen<\/p>\n<p><strong>Sprachen<\/strong><br>Deutsch<br>Englisch<br>Franz\u00f6sisch<br>Italienisch<br>Luxemburgisch<\/p>\t\t\t\t\t\t\t\t<\/div>\n\t\t\t\t<\/div>\n\t\t\t\t<\/div>\n\t\t\t\t<\/div>\n\t\t<div class=\"elementor-element elementor-element-63821de e-con-full e-flex e-con e-child\" data-id=\"63821de\" data-element_type=\"container\" data-e-type=\"container\">\n\t\t\t\t<\/div>\n\t\t<div class=\"elementor-element elementor-element-32b53a4 e-con-full e-flex e-con e-child\" data-id=\"32b53a4\" data-element_type=\"container\" data-e-type=\"container\">\n\t\t<div class=\"elementor-element elementor-element-67b8e5d e-con-full e-flex e-con e-child\" data-id=\"67b8e5d\" data-element_type=\"container\" data-e-type=\"container\">\n\t\t\t\t<\/div>\n\t\t\t\t<div class=\"elementor-element elementor-element-0858b03 elementor-widget elementor-widget-heading\" data-id=\"0858b03\" data-element_type=\"widget\" data-e-type=\"widget\" data-widget_type=\"heading.default\">\n\t\t\t\t<div class=\"elementor-widget-container\">\n\t\t\t\t\t<h2 class=\"elementor-heading-title elementor-size-default\">**Buchen Sie Ihren Aufenthalt noch heute**<\/h2>\t\t\t\t<\/div>\n\t\t\t\t<\/div>\n\t\t\t\t<div class=\"elementor-element elementor-element-51e5d0d elementor-widget elementor-widget-text-editor\" data-id=\"51e5d0d\" data-element_type=\"widget\" data-e-type=\"widget\" data-widget_type=\"text-editor.default\">\n\t\t\t\t<div class=\"elementor-widget-container\">\n\t\t\t\t\t\t\t\t\t<p>Entfliehen Sie dem Alltag und tauchen Sie ein in das Herz der Toskana. Unser <a href=\"https:\/\/olivemare.it\/charming-bb-pietrasanta\/\">BnB in Pietrasanta<\/a> &nbsp; liegt nur wenige Minuten vom Stadtzentrum entfernt und bietet eine warme und komfortable Oase, in der jedes Detail f\u00fcr einen angenehmen Aufenthalt durchdacht ist.<\/p>\t\t\t\t\t\t\t\t<\/div>\n\t\t\t\t<\/div>\n\t\t\t\t<\/div>\n\t\t<div class=\"elementor-element elementor-element-cd33cd4 e-con-full e-flex e-con e-child\" data-id=\"cd33cd4\" data-element_type=\"container\" data-e-type=\"container\">\n\t\t<div class=\"elementor-element elementor-element-272e312 e-con-full e-flex e-con e-child\" data-id=\"272e312\" data-element_type=\"container\" data-e-type=\"container\">\n\t\t\t\t<div class=\"elementor-element elementor-element-1f8224a elementor-widget elementor-widget-heading\" data-id=\"1f8224a\" data-element_type=\"widget\" data-e-type=\"widget\" data-widget_type=\"heading.default\">\n\t\t\t\t<div class=\"elementor-widget-container\">\n\t\t\t\t\t<p class=\"elementor-heading-title elementor-size-default\"><a href=\"https:\/\/olivemare.it\/romantic-getaways-pietrasanta-accomodation\/\">Unsere Zimmer<\/a><\/p>\t\t\t\t<\/div>\n\t\t\t\t<\/div>\n\t\t\t\t<\/div>\n\t\t<div class=\"elementor-element elementor-element-a7520ef e-con-full e-flex e-con e-child\" data-id=\"a7520ef\" data-element_type=\"container\" data-e-type=\"container\">\n\t\t\t\t<div class=\"elementor-element elementor-element-b97b99b elementor-widget elementor-widget-heading\" data-id=\"b97b99b\" data-element_type=\"widget\" data-e-type=\"widget\" data-widget_type=\"heading.default\">\n\t\t\t\t<div class=\"elementor-widget-container\">\n\t\t\t\t\t<p class=\"elementor-heading-title elementor-size-default\"><a href=\"https:\/\/olivemare.it\/de\/blog\/\">Besuchen Sie unseren Blog<\/a><\/p>\t\t\t\t<\/div>\n\t\t\t\t<\/div>\n\t\t\t\t<\/div>\n\t\t<div class=\"elementor-element elementor-element-53f8681 e-con-full e-flex e-con e-child\" data-id=\"53f8681\" data-element_type=\"container\" data-e-type=\"container\">\n\t\t\t\t<div class=\"elementor-element elementor-element-9931e85 elementor-widget elementor-widget-heading\" data-id=\"9931e85\" data-element_type=\"widget\" data-e-type=\"widget\" data-widget_type=\"heading.default\">\n\t\t\t\t<div class=\"elementor-widget-container\">\n\t\t\t\t\t<p class=\"elementor-heading-title elementor-size-default\"><a href=\"https:\/\/olivemare.it\/title-sep-sitename\/\">FAQ<\/a><\/p>\t\t\t\t<\/div>\n\t\t\t\t<\/div>\n\t\t\t\t<\/div>\n\t\t\t\t<\/div>\n\t\t<div class=\"elementor-element elementor-element-5e38561 e-con-full e-flex e-con e-child\" data-id=\"5e38561\" data-element_type=\"container\" data-e-type=\"container\">\n\t\t<div class=\"elementor-element elementor-element-51f41ce e-con-full e-flex e-con e-child\" data-id=\"51f41ce\" data-element_type=\"container\" data-e-type=\"container\">\n\t\t\t\t<div class=\"elementor-element elementor-element-dd8d4ef elementor-widget elementor-widget-heading\" data-id=\"dd8d4ef\" data-element_type=\"widget\" data-e-type=\"widget\" data-widget_type=\"heading.default\">\n\t\t\t\t<div class=\"elementor-widget-container\">\n\t\t\t\t\t<p class=\"elementor-heading-title elementor-size-default\"><a href=\"https:\/\/www.instagram.com\/villaolivemare\/?igsh=eHJ5bnpoZ2NqN2o5\" target=\"_blank\">Instagram<\/a><\/p>\t\t\t\t<\/div>\n\t\t\t\t<\/div>\n\t\t\t\t<\/div>\n\t\t\t\t<\/div>\n\t\t\t\t<\/div>\n\t\t\t\t<\/div>\n\t\t","protected":false},"excerpt":{"rendered":"<p>Toskana BnB Gartenblick <\/p>\n","protected":false},"author":6,"featured_media":15085,"parent":0,"menu_order":0,"comment_status":"closed","ping_status":"closed","template":"","meta":{"slim_seo":{"title":"Ausstattung & Service | Boutique-Hotel-Erlebnis in Pietrasanta","description":"Suchen Sie ein Hotel in Pietrasanta oder Tonfano? Die Villa Olivemare bietet Ihnen einen luxuri\u00f6sen Boutique-Aufenthalt nur 500 m vom Zentrum entfernt. Genie\u00dfen Sie den Pool mit Meerblick, Starlink-WLAN und private Parkpl\u00e4tze."},"footnotes":""},"class_list":["post-12165","page","type-page","status-publish","has-post-thumbnail","hentry"],"_links":{"self":[{"href":"https:\/\/olivemare.it\/de\/wp-json\/wp\/v2\/pages\/12165","targetHints":{"allow":["GET"]}}],"collection":[{"href":"https:\/\/olivemare.it\/de\/wp-json\/wp\/v2\/pages"}],"about":[{"href":"https:\/\/olivemare.it\/de\/wp-json\/wp\/v2\/types\/page"}],"author":[{"embeddable":true,"href":"https:\/\/olivemare.it\/de\/wp-json\/wp\/v2\/users\/6"}],"replies":[{"embeddable":true,"href":"https:\/\/olivemare.it\/de\/wp-json\/wp\/v2\/comments?post=12165"}],"version-history":[{"count":5,"href":"https:\/\/olivemare.it\/de\/wp-json\/wp\/v2\/pages\/12165\/revisions"}],"predecessor-version":[{"id":21920,"href":"https:\/\/olivemare.it\/de\/wp-json\/wp\/v2\/pages\/12165\/revisions\/21920"}],"wp:featuredmedia":[{"embeddable":true,"href":"https:\/\/olivemare.it\/de\/wp-json\/wp\/v2\/media\/15085"}],"wp:attachment":[{"href":"https:\/\/olivemare.it\/de\/wp-json\/wp\/v2\/media?parent=12165"}],"curies":[{"name":"wp","href":"https:\/\/api.w.org\/{rel}","templated":true}]}}